
{"id":8500,"date":"2020-05-19T09:16:05","date_gmt":"2020-05-19T09:16:05","guid":{"rendered":"http:\/\/microsites.iddink.es\/?page_id=8500"},"modified":"2020-05-26T14:02:25","modified_gmt":"2020-05-26T14:02:25","slug":"error-404","status":"publish","type":"page","link":"https:\/\/microsites.iddink.es\/ca\/error-404\/","title":{"rendered":"Error 404"},"content":{"rendered":"[vc_row content_placement=&#8221;middle&#8221; css=&#8221;.vc_custom_1590501436889{background-position: center !important;background-repeat: no-repeat !important;background-size: cover !important;}&#8221;][vc_column width=&#8221;1\/6&#8243; offset=&#8221;vc_hidden-md vc_hidden-sm vc_hidden-xs&#8221;][\/vc_column][vc_column width=&#8221;2\/3&#8243; css=&#8221;.vc_custom_1590501721619{margin-right: 20px !important;margin-left: 20px !important;}&#8221;][vc_column_text]\n<h2 style=\"text-align: center;\"><strong>No \u00e9s aix\u00f2 el que esperaves?<\/strong><\/h2>\n<h4 style=\"text-align: center;\">Contacta amb nosaltres enviant un mail a <a href=\"mailto:info@iddink.es\">info@iddink.es<\/a> i et respondrem el m\u00e9s aviat possible.<\/h4>\n[\/vc_column_text][vc_single_image image=&#8221;12070&#8243; img_size=&#8221;full&#8221; alignment=&#8221;center&#8221;][\/vc_column][vc_column width=&#8221;1\/6&#8243;][\/vc_column][\/vc_row]\n","protected":false},"excerpt":{"rendered":"<p>[vc_row content_placement=&#8221;middle&#8221; css=&#8221;.vc_custom_1590501436889{background-position: center !important;background-repeat: no-repeat !important;background-size: cover !important;}&#8221;][vc_column width=&#8221;1\/6&#8243; offset=&#8221;vc_hidden-md vc_hidden-sm vc_hidden-xs&#8221;][\/vc_column][vc_column width=&#8221;2\/3&#8243; css=&#8221;.vc_custom_1590501721619{margin-right: 20px !important;margin-left: 20px !important;}&#8221;][vc_column_text] No \u00e9s aix\u00f2 el que esperaves? Contacta amb nosaltres enviant un mail a info@iddink.es i et respondrem el m\u00e9s aviat possible. [\/vc_column_text][vc_single_image image=&#8221;12070&#8243; img_size=&#8221;full&#8221; alignment=&#8221;center&#8221;][\/vc_column][vc_column width=&#8221;1\/6&#8243;][\/vc_column][\/vc_row]<\/p>\n","protected":false},"author":1,"featured_media":0,"parent":0,"menu_order":0,"comment_status":"closed","ping_status":"closed","template":"iddink_404.php","meta":[],"acf":[],"_links":{"self":[{"href":"https:\/\/microsites.iddink.es\/ca\/wp-json\/wp\/v2\/pages\/8500"}],"collection":[{"href":"https:\/\/microsites.iddink.es\/ca\/wp-json\/wp\/v2\/pages"}],"about":[{"href":"https:\/\/microsites.iddink.es\/ca\/wp-json\/wp\/v2\/types\/page"}],"author":[{"embeddable":true,"href":"https:\/\/microsites.iddink.es\/ca\/wp-json\/wp\/v2\/users\/1"}],"replies":[{"embeddable":true,"href":"https:\/\/microsites.iddink.es\/ca\/wp-json\/wp\/v2\/comments?post=8500"}],"version-history":[{"count":17,"href":"https:\/\/microsites.iddink.es\/ca\/wp-json\/wp\/v2\/pages\/8500\/revisions"}],"predecessor-version":[{"id":12074,"href":"https:\/\/microsites.iddink.es\/ca\/wp-json\/wp\/v2\/pages\/8500\/revisions\/12074"}],"wp:attachment":[{"href":"https:\/\/microsites.iddink.es\/ca\/wp-json\/wp\/v2\/media?parent=8500"}],"curies":[{"name":"wp","href":"https:\/\/api.w.org\/{rel}","templated":true}]}}