
{"id":6696,"date":"2020-05-14T08:39:38","date_gmt":"2020-05-14T08:39:38","guid":{"rendered":"http:\/\/microsites.iddink.es\/?page_id=6696"},"modified":"2025-05-20T12:58:00","modified_gmt":"2025-05-20T12:58:00","slug":"atencio-a-les-families-i-estudiants","status":"publish","type":"page","link":"https:\/\/microsites.iddink.es\/ca\/atencio-a-les-families-i-estudiants\/","title":{"rendered":"Atenci\u00f3 a les fam\u00edlies i estudiants"},"content":{"rendered":"[vc_row][vc_column width=&#8221;1\/6&#8243;][\/vc_column][vc_column width=&#8221;2\/3&#8243;][vc_column_text]\n<h1 style=\"text-align: center;\"><strong>Atenci\u00f3 a les fam\u00edlies i estudiants<\/strong><\/h1>\n[\/vc_column_text][vc_column_text css=&#8221;.vc_custom_1655395614312{margin-right: 10px !important;margin-left: 10px !important;}&#8221;]\n<p style=\"text-align: center;\"><strong>Iddink revisa tots materials que inclou en la comanda, inclosos els <span style=\"color: #03b6c4;\">ecoBooks<\/span>, per\u00f2, si al rebre la comanda, creus que algun d\u2019ells no compleix amb els par\u00e0metres de qualitat, disposes fins al <span class=\"destacado-naranja\">30 de setembre<\/span> per notificar-ho a Iddink que o b\u00e9 et canviaran el llibre per un de nou, o ho anotaran a la teva fitxa per tal que puguis retornar-lo sense problemes a final del curs.<\/strong><\/p>\n[\/vc_column_text][\/vc_column][vc_column width=&#8221;1\/6&#8243;][\/vc_column][\/vc_row][vc_row][vc_column][vc_empty_space height=&#8221;42px&#8221;][\/vc_column][\/vc_row][vc_row full_width=&#8221;stretch_row&#8221; css=&#8221;.vc_custom_1589449941480{background-color: #03b6c4 !important;}&#8221;][vc_column][vc_column_text]\n<h4 style=\"text-align: center;\"><span class=\"texto-blanco\">Iddink t\u00e9 el servei d\u2019atenci\u00f3 a fam\u00edlies m\u00e9s gran de Catalunya<\/span><\/h4>\n[\/vc_column_text][\/vc_column][\/vc_row][vc_row][vc_column][vc_empty_space height=&#8221;42px&#8221;][\/vc_column][\/vc_row][vc_row gap=&#8221;35&#8243; content_placement=&#8221;middle&#8221;][vc_column width=&#8221;1\/2&#8243;][vc_column_text]\n<h4 style=\"text-align: left;\"><b>Qu\u00e8 fer si tinc alguna incid\u00e8ncia amb Iddink?<\/b><\/h4>\n<table class=\"lista-alinea-derecha\">\n<tbody>\n<tr>\n<td><i class=\"fa fa-check-square-o\" style=\"color:#03b6c4;\"><\/i><\/td>\n<td>Comunicar la incid\u00e8ncia entrant a la <span style=\"color: #03b6c4;\"><a href=\"https:\/\/spain.iddink.es\/ca\/\">web d\u2019Iddink<\/a><\/span> de dues possibles formes:<\/p>\n<table class=\"lista-alinea-derecha\">\n<tbody>\n<tr>\n<td><span style=\"color: #03b6c4;\">1-<\/span><\/td>\n<td>Anant al \u201cMeu compte\u201d&gt; \u201cComandes\u201d&gt;\u201dNotificar incid\u00e8ncia en una comanda.<\/td>\n<\/tr>\n<tr>\n<td><span style=\"color: #03b6c4;\">2-<\/span><\/td>\n<td>Mitjan\u00e7ant el formulari de contacte.<\/td>\n<\/tr>\n<\/tbody>\n<\/table>\n<\/td>\n<\/tr>\n<\/tbody>\n<\/table>\n<table class=\"lista-alinea-derecha\">\n<tbody>\n<tr>\n<td><i class=\"fa fa-check-square-o\" style=\"color:#03b6c4;\"><\/i><\/td>\n<td>Contactar amb el <strong>Servei d\u2019Atenci\u00f3 a l\u2019estudiant <\/strong>escrivint un mail a info@iddink.cat.<\/td>\n<\/tr>\n<\/tbody>\n<\/table>\n<table class=\"lista-alinea-derecha\">\n<tbody>\n<tr>\n<td><i class=\"fa fa-check-square-o\" style=\"color:#03b6c4;\"><\/i><\/td>\n<td>Omplir el formulari a sota<\/td>\n<\/tr>\n<\/tbody>\n<\/table>\n[\/vc_column_text][\/vc_column][vc_column width=&#8221;1\/2&#8243;][vc_single_image image=&#8221;14565&#8243; img_size=&#8221;714x403px&#8221;][\/vc_column][\/vc_row][vc_row][vc_column][vc_empty_space height=&#8221;42px&#8221;][\/vc_column][\/vc_row][vc_row full_width=&#8221;stretch_row&#8221; content_placement=&#8221;bottom&#8221;][vc_column][vc_column_text]\n<h4 style=\"text-align: left;\"><strong>Formulari de contacte<\/strong><\/h4>\n[\/vc_column_text][\/vc_column][\/vc_row][vc_row full_width=&#8221;stretch_row&#8221; equal_height=&#8221;yes&#8221;][vc_column width=&#8221;8\/12&#8243; css=&#8221;.vc_custom_1590597192086{padding-left: 40px !important;background-color: #f2f2f2 !important;}&#8221; el_class=&#8221;caja-izquierda&#8221;]<div role=\"form\" class=\"wpcf7\" id=\"wpcf7-f6792-o1\" lang=\"ca\" dir=\"ltr\">\n<div class=\"screen-reader-response\"><p role=\"status\" aria-live=\"polite\" aria-atomic=\"true\"><\/p> <ul><\/ul><\/div>\n<form action=\"\/ca\/wp-json\/wp\/v2\/pages\/6696#wpcf7-f6792-o1\" method=\"post\" class=\"wpcf7-form init\" enctype=\"multipart\/form-data\" novalidate=\"novalidate\" data-status=\"init\">\n<div style=\"display: none;\">\n<input type=\"hidden\" name=\"_wpcf7\" value=\"6792\" \/>\n<input type=\"hidden\" name=\"_wpcf7_version\" value=\"5.6.4\" \/>\n<input type=\"hidden\" name=\"_wpcf7_locale\" value=\"ca\" \/>\n<input type=\"hidden\" name=\"_wpcf7_unit_tag\" value=\"wpcf7-f6792-o1\" \/>\n<input type=\"hidden\" name=\"_wpcf7_container_post\" value=\"0\" \/>\n<input type=\"hidden\" name=\"_wpcf7_posted_data_hash\" value=\"\" \/>\n<\/div>\n<div class=\"one-col\"><label> Assumpte*<br \/>\n    <span class=\"wpcf7-form-control-wrap\" data-name=\"your-subject\"><input type=\"text\" name=\"your-subject\" value=\"\" size=\"40\" class=\"wpcf7-form-control wpcf7-text wpcf7-validates-as-required\" aria-required=\"true\" aria-invalid=\"false\" \/><\/span> <\/label><\/div>\n<div class=\"one-half\"><label> Nom*<br \/>\n<span class=\"wpcf7-form-control-wrap\" data-name=\"your-name\"><input type=\"text\" name=\"your-name\" value=\"\" size=\"40\" class=\"wpcf7-form-control wpcf7-text wpcf7-validates-as-required\" aria-required=\"true\" aria-invalid=\"false\" \/><\/span> <\/label><\/div>\n<div class=\"one-half last\"><label> Cognoms*<br \/>\n<span class=\"wpcf7-form-control-wrap\" data-name=\"your-surname\"><input type=\"text\" name=\"your-surname\" value=\"\" size=\"40\" class=\"wpcf7-form-control wpcf7-text wpcf7-validates-as-required\" aria-required=\"true\" aria-invalid=\"false\" \/><\/span> <\/label><\/div>\n<div class=\"one-col\"><label> Email*<br \/>\n<span class=\"wpcf7-form-control-wrap\" data-name=\"your-email\"><input type=\"email\" name=\"your-email\" value=\"\" size=\"40\" class=\"wpcf7-form-control wpcf7-text wpcf7-email wpcf7-validates-as-required wpcf7-validates-as-email\" aria-required=\"true\" aria-invalid=\"false\" \/><\/span> <\/label><\/div>\n<div class=\"one-half\"><label> Tel\u00e8fon<br \/>\n<span class=\"wpcf7-form-control-wrap\" data-name=\"tel-503\"><input type=\"tel\" name=\"tel-503\" value=\"\" size=\"40\" class=\"wpcf7-form-control wpcf7-text wpcf7-tel wpcf7-validates-as-tel\" aria-invalid=\"false\" \/><\/span> <\/label><\/div>\n<div class=\"one-half last\"><label> ID Alumne\/a<br \/>\n<span class=\"wpcf7-form-control-wrap\" data-name=\"Alumne\"><input type=\"text\" name=\"Alumne\" value=\"\" size=\"40\" class=\"wpcf7-form-control wpcf7-text\" aria-invalid=\"false\" \/><\/span><\/label><\/div>\n<div class=\"wpcf7-text\"><label> El teu missatge*<br \/>\n<span class=\"wpcf7-form-control-wrap\" data-name=\"your-message\"><textarea name=\"your-message\" cols=\"40\" rows=\"10\" class=\"wpcf7-form-control wpcf7-textarea wpcf7-validates-as-required\" aria-required=\"true\" aria-invalid=\"false\"><\/textarea><\/span> <\/label><\/div>\n<div class=\"one-col\">*camps obligatoris<\/div>\n<div class=\"one-col\"><span style=\"color:#03b6c4\" class=\"dashicons dashicons-paperclip\"><\/span> <label id=\"cf7-upload\">Clica aqu\u00ed per adjuntar un arxiu (m\u00e0xim 1 MB.)  <span class=\"wpcf7-form-control-wrap\" data-name=\"file-936\"><input type=\"file\" name=\"file-936\" size=\"40\" class=\"wpcf7-form-control wpcf7-file\" id=\"fitxer\" accept=\".jpg,.jpeg,.png,.gif,.pdf\" aria-invalid=\"false\" \/><\/span> <\/label>\n<\/div>\n<div class=\"one-col\"><label><span class=\"wpcf7-form-control-wrap\" data-name=\"acceptance-privacidad\"><span class=\"wpcf7-form-control wpcf7-acceptance\"><span class=\"wpcf7-list-item\"><label><input type=\"checkbox\" name=\"acceptance-privacidad\" value=\"1\" aria-invalid=\"false\" \/><span class=\"wpcf7-list-item-label\">He llegit i accepto la <a id=\"politica\" href=\"\">pol\u00edtica de privacitat i protecci\u00f3 de dades de Iddink.<\/a><\/span><\/label><\/span><\/span><\/span><\/label><\/div>\n<p><input type=\"submit\" value=\"ENVIAR\" class=\"wpcf7-form-control has-spinner wpcf7-submit\" \/><\/p>\n<div class=\"wpcf7-response-output\" aria-hidden=\"true\"><\/div><\/form><\/div>[\/vc_column][vc_column width=&#8221;4\/12&#8243;][vc_column_text css=&#8221;.vc_custom_1747745878156{margin-left: 10px !important;}&#8221;]<strong>Iddink Spain<\/strong><br \/>\n<strong>Adre\u00e7a:<\/strong><br \/>\nAvda. de la Ribera, 11<br \/>\n08780 Pallej\u00e0 (Barcelona)<\/p>\n<p><strong>E-mail:<\/strong><br \/>\n<a href=\"mailto:info@iddink.es\">info@iddink.es<\/a>[\/vc_column_text][vc_column_text css=&#8221;.vc_custom_1591787949597{margin-left: 5px !important;padding-left: 5px !important;background-color: #f2f2f2 !important;}&#8221;]<strong>E-mail AMPA:<\/strong><br \/>\n<a href=\"mailto:[iddink_sf_value sfcol=\"><\/a>[\/vc_column_text][\/vc_column][\/vc_row][vc_row][vc_column][vc_empty_space height=&#8221;42px&#8221;][\/vc_column][\/vc_row]\n","protected":false},"excerpt":{"rendered":"<p>[vc_row][vc_column width=&#8221;1\/6&#8243;][\/vc_column][vc_column width=&#8221;2\/3&#8243;][vc_column_text] Atenci\u00f3 a les fam\u00edlies i estudiants [\/vc_column_text][vc_column_text css=&#8221;.vc_custom_1655395614312{margin-right: 10px !important;margin-left: 10px !important;}&#8221;] Iddink revisa tots materials que inclou en la comanda, inclosos els ecoBooks, per\u00f2, si al rebre la comanda, creus que algun d\u2019ells no compleix amb els par\u00e0metres de qualitat, disposes fins al<\/p>\n","protected":false},"author":1,"featured_media":0,"parent":0,"menu_order":0,"comment_status":"closed","ping_status":"closed","template":"page-FullWidth.php","meta":[],"acf":[],"_links":{"self":[{"href":"https:\/\/microsites.iddink.es\/ca\/wp-json\/wp\/v2\/pages\/6696"}],"collection":[{"href":"https:\/\/microsites.iddink.es\/ca\/wp-json\/wp\/v2\/pages"}],"about":[{"href":"https:\/\/microsites.iddink.es\/ca\/wp-json\/wp\/v2\/types\/page"}],"author":[{"embeddable":true,"href":"https:\/\/microsites.iddink.es\/ca\/wp-json\/wp\/v2\/users\/1"}],"replies":[{"embeddable":true,"href":"https:\/\/microsites.iddink.es\/ca\/wp-json\/wp\/v2\/comments?post=6696"}],"version-history":[{"count":115,"href":"https:\/\/microsites.iddink.es\/ca\/wp-json\/wp\/v2\/pages\/6696\/revisions"}],"predecessor-version":[{"id":16752,"href":"https:\/\/microsites.iddink.es\/ca\/wp-json\/wp\/v2\/pages\/6696\/revisions\/16752"}],"wp:attachment":[{"href":"https:\/\/microsites.iddink.es\/ca\/wp-json\/wp\/v2\/media?parent=6696"}],"curies":[{"name":"wp","href":"https:\/\/api.w.org\/{rel}","templated":true}]}}