
{"id":6674,"date":"2020-05-14T07:48:48","date_gmt":"2020-05-14T07:48:48","guid":{"rendered":"http:\/\/microsites.iddink.es\/?page_id=6674"},"modified":"2025-05-19T09:56:42","modified_gmt":"2025-05-19T09:56:42","slug":"preus","status":"publish","type":"page","link":"https:\/\/microsites.iddink.es\/ca\/preus\/","title":{"rendered":"Preus"},"content":{"rendered":"[vc_row][vc_column][vc_column_text]\n<h1 style=\"text-align: center;\"><strong>Preus i estalvis\u00a0<\/strong><\/h1>\n[\/vc_column_text][\/vc_column][\/vc_row][vc_row][vc_column width=&#8221;1\/12&#8243;][\/vc_column][vc_column width=&#8221;10\/12&#8243;][vc_row_inner][vc_column_inner el_class=&#8221;caja-izquierda&#8221; width=&#8221;1\/2&#8243; css=&#8221;.vc_custom_1589817229597{padding-left: 10px !important;background-color: #f2f2f2 !important;}&#8221;][vc_column_text]<img decoding=\"async\" loading=\"lazy\" class=\"wp-image-8422 size-full alignleft\" src=\"\/wp-content\/uploads\/2020\/05\/ico_book.png\" alt=\"\" width=\"160\" height=\"100\" \/><\/p>\n<h6><strong>Estalvi llibres nous<\/strong><\/h6>\n<h3><strong><span class=\"destacado-naranja\">\u00a0 % <\/span><\/strong><\/h3>\n[\/vc_column_text][\/vc_column_inner][vc_column_inner el_class=&#8221;caja-derecha&#8221; width=&#8221;1\/2&#8243; css=&#8221;.vc_custom_1589817238405{padding-left: 10px !important;background-color: #f2f2f2 !important;}&#8221;][vc_column_text]\n<p><img decoding=\"async\" loading=\"lazy\" class=\"wp-image-8420 size-full alignleft\" src=\"\/wp-content\/uploads\/2020\/05\/ico_ecobook1_peque-1.png\" alt=\"\" width=\"160\" height=\"100\" \/><\/p>\n<h6><strong>Estalvi llibres <span style=\"color: #03b6c4;\">ecoBooks<\/span><\/strong><\/h6>\n<h3><strong><span class=\"destacado-naranja\">\u00a0 % <\/span><\/strong><\/h3>\n[\/vc_column_text][\/vc_column_inner][\/vc_row_inner][\/vc_column][vc_column width=&#8221;1\/12&#8243;][\/vc_column][\/vc_row][vc_row][vc_column][vc_empty_space][\/vc_column][\/vc_row][vc_row content_placement=&#8221;middle&#8221;][vc_column width=&#8221;1\/12&#8243;][\/vc_column][vc_column width=&#8221;10\/12&#8243;][vc_row_inner][vc_column_inner width=&#8221;1\/4&#8243; css=&#8221;.vc_custom_1589819218482{padding-left: 10px !important;}&#8221;][\/vc_column_inner][vc_column_inner el_class=&#8221;caja-derecha&#8221; width=&#8221;1\/2&#8243; css=&#8221;.vc_custom_1589819289715{padding-right: 10px !important;padding-left: 10px !important;background-color: #f2f2f2 !important;}&#8221;][vc_column_text]<img decoding=\"async\" loading=\"lazy\" class=\"size-full wp-image-6876 alignleft\" src=\"\/wp-content\/uploads\/2020\/05\/ico_porquet.png\" alt=\"\" width=\"160\" height=\"100\" \/><\/p>\n<h6><strong>Estalvi mig per fam\u00edlia el curs 2024-25 amb Iddink<\/strong><\/h6>\n<h3><strong><span class=\"destacado-naranja\">\u00a0 \u20ac <\/span><\/strong><\/h3>\n[\/vc_column_text][\/vc_column_inner][vc_column_inner width=&#8221;1\/4&#8243;][\/vc_column_inner][\/vc_row_inner][\/vc_column][vc_column width=&#8221;1\/12&#8243;][\/vc_column][\/vc_row][vc_row][vc_column][vc_empty_space height=&#8221;50px&#8221;][\/vc_column][\/vc_row][vc_row][vc_column offset=&#8221;vc_hidden-lg vc_hidden-md vc_hidden-sm vc_hidden-xs&#8221;][vc_column_text]\n<h4 style=\"text-align: center;\"><strong>Preu lot de llibres del curs actual (2024-25)<\/strong><\/h4>\n<p class=\"texto-peque-2\" style=\"text-align: center;\"><strong>Inclou llic\u00e8ncies digitals, llibres de text, lectures obligat\u00f2ries i quaderns d&#8217;exercicis*<\/strong><\/p>\n[\/vc_column_text][\/vc_column][\/vc_row][vc_row equal_height=&#8221;yes&#8221; el_class=&#8221;caja-blanca&#8221;][vc_column width=&#8221;1\/4&#8243;][\/vc_column][vc_column width=&#8221;1\/2&#8243;][vc_column_text]\n<div id=\"gtx-trans\" style=\"position: absolute; left: -76px; top: 38px;\">\n<div class=\"gtx-trans-icon\"><\/div>\n<\/div>\n[\/vc_column_text][\/vc_column][vc_column width=&#8221;1\/4&#8243;][\/vc_column][\/vc_row][vc_row][vc_column offset=&#8221;vc_hidden-lg vc_hidden-md vc_hidden-sm vc_hidden-xs&#8221;][vc_column_text]\n<p class=\"texto-peque-2\" style=\"text-align: center;\">*Per al c\u00e0lcul d&#8217;aquests imports s&#8217;ha seleccionat l&#8217;opci\u00f3 ecoBooks en els llibres que permeten reutilitzaci\u00f3, quaderns d&#8217;exercicis nous i llic\u00e8ncies digitals de totes les assignatures comunes. A m\u00e9s, a 4t d&#8217;ESO, s&#8217;afegeixen 2 mat\u00e8ries opcionals; i a Batxillerat, s&#8217;afegeixen 3 mat\u00e8ries opcionals de la modalitat cient\u00edfic-tecnol\u00f2gic. No s&#8217;afegeix cost de transport (ja que \u00e9s gratu\u00eft fins al 20 de juliol). Aquests preus s\u00f3n una guia i en cap cas suposen un comprom\u00eds contractual ja que depenen de l&#8217;elecci\u00f3 de cada alumne i estan subjectes a errors i omissions involunt\u00e0ries; s&#8217;han calculat en base als grups ordinaris i no els de diversitat, que habitualment treballen amb menys llibres.<\/p>\n[\/vc_column_text][\/vc_column][\/vc_row][vc_row][vc_column][vc_empty_space][\/vc_column][\/vc_row][vc_row content_placement=&#8221;middle&#8221;][vc_column width=&#8221;1\/2&#8243; css=&#8221;.vc_custom_1589812873979{margin-right: 30px !important;}&#8221;][vc_column_text]\n<h4><strong>Qu\u00e8 \u00e9s un ecobook?<\/strong><\/h4>\n<p>Iddink denomina <strong><span style=\"color: #03b6c4;\">ecoBooks<\/span><\/strong> als llibres reutilitzables que les fam\u00edlies poden adquirir amb un estalvi del <strong><span class=\"destacado-naranja\"> %<\/span><\/strong> del seu PVP si es retornen en bon estat al final del curs.[\/vc_column_text][\/vc_column][vc_column width=&#8221;1\/2&#8243;][vc_single_image image=&#8221;6362&#8243; img_size=&#8221;714x403px&#8221;][\/vc_column][\/vc_row][vc_row][vc_column][vc_empty_space][\/vc_column][\/vc_row][vc_row full_width=&#8221;stretch_row&#8221;][vc_column][vc_column_text]\n<h4 style=\"text-align: center;\"><strong>Exemple de cost per un llibre ecoBook de \u20ac PVP<\/strong><\/h4>\n[\/vc_column_text][\/vc_column][\/vc_row][vc_row full_width=&#8221;stretch_row&#8221; equal_height=&#8221;yes&#8221;][vc_column width=&#8221;1\/2&#8243; css=&#8221;.vc_custom_1589285942099{background-color: #f2f2f2 !important;}&#8221; el_class=&#8221;caja-izquierda&#8221;][vc_column_text css=&#8221;.vc_custom_1747648522065{margin-left: 40px !important;}&#8221;]<strong>Al Juny\/Juliol 2025 es pagaria:<\/strong><br \/>\nSi el llibre es compra nou:<\/p>\n<h4 style=\"padding-left: 40px;\"><strong>\u20ac PVP <span class=\"destacado-naranja\"> &#8211; %<\/span> =  \u20ac<\/strong><\/h4>\n<p>Si el llibre es compra <span style=\"color: #03b6c4;\"><strong>ecoBook<\/strong><\/span>:<\/p>\n<h4 style=\"padding-left: 40px;\"><strong>\u20ac PVP <span class=\"destacado-naranja\"> &#8211; %<\/span> = <span style=\"color: #03b6c4;\"> \u20ac<\/span><\/strong><\/h4>\n[\/vc_column_text][\/vc_column][vc_column width=&#8221;1\/2&#8243; css=&#8221;.vc_custom_1589286038602{background-color: #f2f2f2 !important;}&#8221; el_class=&#8221;caja-derecha&#8221;][vc_column_text css=&#8221;.vc_custom_1747648527650{margin-right: 40px !important;margin-left: 40px !important;}&#8221;]<strong>Al Juny\/Juliol 2026: <\/strong><\/p>\n<i class=\"fa fa-check-square-o\" style=\"color:#03b6c4;\"><\/i> Si els llibres <b>es retornen en bon estat, <\/b><b>no s\u2019ha de pagar res m\u00e9s<\/b><\/p>\n<i class=\"fa fa-check-square-o\" style=\"color:#03b6c4;\"><\/i> Si els llibres <strong>no es retornen o es retornen en mal estat,<\/strong> s\u2019haur\u00e0 de pagar l\u2019estalvi obtingut, amb una bonificaci\u00f3 del 5%[\/vc_column_text][\/vc_column][\/vc_row][vc_row][vc_column][vc_empty_space height=&#8221;84px&#8221;][\/vc_column][\/vc_row][vc_row full_width=&#8221;stretch_row&#8221; equal_height=&#8221;yes&#8221;][vc_column width=&#8221;1\/2&#8243; css=&#8221;.vc_custom_1589814733275{background-color: #f2f2f2 !important;}&#8221; offset=&#8221;vc_hidden-lg vc_hidden-md vc_hidden-sm vc_hidden-xs&#8221;][vc_row_inner][vc_column_inner width=&#8221;1\/6&#8243;][\/vc_column_inner][vc_column_inner width=&#8221;1\/3&#8243;][vc_single_image image=&#8221;6385&#8243;][\/vc_column_inner][vc_column_inner width=&#8221;1\/3&#8243;][vc_column_text]\n<h5 style=\"padding-left: 40px;\"><strong>Estalvi llibres nous<\/strong><\/h5>\n<h4 style=\"padding-left: 40px;\"><strong><span class=\"destacado-naranja\"> %<\/span><\/strong><\/h4>\n[\/vc_column_text][\/vc_column_inner][vc_column_inner width=&#8221;1\/6&#8243;][\/vc_column_inner][\/vc_row_inner][\/vc_column][vc_column width=&#8221;1\/2&#8243; css=&#8221;.vc_custom_1589814741874{background-color: #f2f2f2 !important;}&#8221; offset=&#8221;vc_hidden-lg vc_hidden-md vc_hidden-sm vc_hidden-xs&#8221;][vc_row_inner][vc_column_inner width=&#8221;1\/6&#8243;][\/vc_column_inner][vc_column_inner width=&#8221;1\/3&#8243;][vc_single_image image=&#8221;6385&#8243;][\/vc_column_inner][vc_column_inner width=&#8221;1\/3&#8243;][vc_column_text]\n<h5 style=\"padding-left: 40px;\"><strong>Estalvi llibres nous<\/strong><\/h5>\n<h4 style=\"padding-left: 40px;\"><strong><span class=\"destacado-naranja\"> %<\/span><\/strong><\/h4>\n[\/vc_column_text][\/vc_column_inner][vc_column_inner width=&#8221;1\/6&#8243;][\/vc_column_inner][\/vc_row_inner][\/vc_column][\/vc_row][vc_row full_width=&#8221;stretch_row&#8221; equal_height=&#8221;yes&#8221; el_class=&#8221;caja-blanca&#8221;][vc_column width=&#8221;3\/4&#8243; el_class=&#8221;caja-izquierda&#8221; offset=&#8221;vc_hidden-lg vc_hidden-md vc_hidden-sm vc_hidden-xs&#8221;][vc_column_text]\n<div id=\"gtx-trans\" style=\"position: absolute; left: -76px; top: 38px;\">\n<div class=\"gtx-trans-icon\"><\/div>\n<\/div>\n[\/vc_column_text][\/vc_column][\/vc_row]\n","protected":false},"excerpt":{"rendered":"<p>[vc_row][vc_column][vc_column_text] Preus i estalvis\u00a0 [\/vc_column_text][\/vc_column][\/vc_row][vc_row][vc_column width=&#8221;1\/12&#8243;][\/vc_column][vc_column width=&#8221;10\/12&#8243;][vc_row_inner][vc_column_inner el_class=&#8221;caja-izquierda&#8221; width=&#8221;1\/2&#8243; css=&#8221;.vc_custom_1589817229597{padding-left: 10px !important;background-color: #f2f2f2 !important;}&#8221;][vc_column_text] Estalvi llibres nous \u00a0 % [\/vc_column_text][\/vc_column_inner][vc_column_inner el_class=&#8221;caja-derecha&#8221; width=&#8221;1\/2&#8243; css=&#8221;.vc_custom_1589817238405{padding-left: 10px !important;background-color: #f2f2f2 !important;}&#8221;][vc_column_text] Estalvi llibres ecoBooks \u00a0 % [\/vc_column_text][\/vc_column_inner][\/vc_row_inner][\/vc_column][vc_column width=&#8221;1\/12&#8243;][\/vc_column][\/vc_row][vc_row][vc_column][vc_empty_space][\/vc_column][\/vc_row][vc_row content_placement=&#8221;middle&#8221;][vc_column width=&#8221;1\/12&#8243;][\/vc_column][vc_column width=&#8221;10\/12&#8243;][vc_row_inner][vc_column_inner width=&#8221;1\/4&#8243; css=&#8221;.vc_custom_1589819218482{padding-left: 10px !important;}&#8221;][\/vc_column_inner][vc_column_inner el_class=&#8221;caja-derecha&#8221; width=&#8221;1\/2&#8243; css=&#8221;.vc_custom_1589819289715{padding-right: 10px !important;padding-left: 10px<\/p>\n","protected":false},"author":1,"featured_media":0,"parent":0,"menu_order":0,"comment_status":"closed","ping_status":"closed","template":"page-FullWidth.php","meta":[],"acf":[],"_links":{"self":[{"href":"https:\/\/microsites.iddink.es\/ca\/wp-json\/wp\/v2\/pages\/6674"}],"collection":[{"href":"https:\/\/microsites.iddink.es\/ca\/wp-json\/wp\/v2\/pages"}],"about":[{"href":"https:\/\/microsites.iddink.es\/ca\/wp-json\/wp\/v2\/types\/page"}],"author":[{"embeddable":true,"href":"https:\/\/microsites.iddink.es\/ca\/wp-json\/wp\/v2\/users\/1"}],"replies":[{"embeddable":true,"href":"https:\/\/microsites.iddink.es\/ca\/wp-json\/wp\/v2\/comments?post=6674"}],"version-history":[{"count":96,"href":"https:\/\/microsites.iddink.es\/ca\/wp-json\/wp\/v2\/pages\/6674\/revisions"}],"predecessor-version":[{"id":16734,"href":"https:\/\/microsites.iddink.es\/ca\/wp-json\/wp\/v2\/pages\/6674\/revisions\/16734"}],"wp:attachment":[{"href":"https:\/\/microsites.iddink.es\/ca\/wp-json\/wp\/v2\/media?parent=6674"}],"curies":[{"name":"wp","href":"https:\/\/api.w.org\/{rel}","templated":true}]}}