
{"id":6550,"date":"2020-05-12T10:44:55","date_gmt":"2020-05-12T10:44:55","guid":{"rendered":"http:\/\/microsites.iddink.es\/?page_id=6550"},"modified":"2022-06-22T05:44:36","modified_gmt":"2022-06-22T05:44:36","slug":"llicencies-digitals","status":"publish","type":"page","link":"https:\/\/microsites.iddink.es\/ca\/llicencies-digitals\/","title":{"rendered":"Llic\u00e8ncies digitals"},"content":{"rendered":"[vc_row][vc_column][vc_column_text]\n<h1 style=\"text-align: center;\"><strong>Llic\u00e8ncies digitals<\/strong><\/h1>\n[\/vc_column_text][\/vc_column][\/vc_row][vc_row content_placement=&#8221;middle&#8221;][vc_column width=&#8221;1\/2&#8243; css=&#8221;.vc_custom_1590590511528{margin-right: 30px !important;margin-left: 30px !important;}&#8221;][vc_column_text]\n<p><!--La compra de les llic\u00e8ncies digitals es pot realitzar a Iddink de manera conjunta amb la resta d'articles educatius. L'acc\u00e9s a totes les llic\u00e8ncies es pot fer a trav\u00e9s d'un \u00fanic lloc, Iddink Digital; per\u00f2, en els centres educatius que utilitzen la plataforma Clickedu, els alumnes seguiran accedint a les llic\u00e8ncies a trav\u00e9s d'aquesta mateixa plataforma.--><br \/>\n\n[\/vc_column_text][\/vc_column][vc_column width=&#8221;1\/2&#8243; css=&#8221;.vc_custom_1591270617864{margin-right: 10px !important;margin-left: 10px !important;}&#8221;][vc_single_image image=&#8221;6580&#8243; img_size=&#8221;714x403px&#8221;][\/vc_column][\/vc_row][vc_row][vc_column][vc_empty_space height=&#8221;42px&#8221;][\/vc_column][\/vc_row][vc_row][vc_column][\/vc_column][\/vc_row][vc_row content_placement=&#8221;middle&#8221;][vc_column width=&#8221;1\/2&#8243; css=&#8221;.vc_custom_1591270626506{margin-right: 10px !important;margin-left: 10px !important;}&#8221;][vc_column_text][\/vc_column_text][\/vc_column][vc_column width=&#8221;1\/2&#8243; css=&#8221;.vc_custom_1590590523132{margin-right: 30px !important;margin-left: 30px !important;}&#8221;][vc_column_text]\n<h4><strong>Avantatges de comprar les llic\u00e8ncies a Iddink?<\/strong><\/h4>\n[\/vc_column_text][vc_column_text]<!--1. Facilita l'acc\u00e9s (ja sigui a trav\u00e9s d'Iddink digital o de Clickedu) als continguts digitals en un \u00fanic lloc i amb un \u00fanic <strong>usuari i contrasenya<\/strong>, ja siguin llic\u00e8ncies digitals o altres continguts digitals propis dels docents.<\/p>\n\n\n\n\n<p>2. Permet al centre educatiu supervisar l'acc\u00e9s dels estudiants a les seves llic\u00e8ncies, coneixent l'\u00fas que en fan d'aquestes.<\/p>\n\n\n\n\n<p>3. Millora l'inici del curs, facilitant llic\u00e8ncies de prova temporals per als estudiants que encara no hagin pogut accedir.--><\/p>\n[\/vc_column_text][\/vc_column][\/vc_row][vc_row][vc_column][vc_column_text]\n[\/vc_column_text][\/vc_column][\/vc_row][vc_row gap=&#8221;35&#8243; content_placement=&#8221;middle&#8221;][vc_column width=&#8221;1\/2&#8243;][vc_column_text][\/vc_column_text][\/vc_column][vc_column width=&#8221;1\/2&#8243;][vc_column_text][\/vc_column_text][\/vc_column][\/vc_row][vc_row][vc_column][vc_empty_space height=&#8221;42px&#8221;][\/vc_column][\/vc_row]\n","protected":false},"excerpt":{"rendered":"<p>[vc_row][vc_column][vc_column_text] Llic\u00e8ncies digitals [\/vc_column_text][\/vc_column][\/vc_row][vc_row content_placement=&#8221;middle&#8221;][vc_column width=&#8221;1\/2&#8243; css=&#8221;.vc_custom_1590590511528{margin-right: 30px !important;margin-left: 30px !important;}&#8221;][vc_column_text] [\/vc_column_text][\/vc_column][vc_column width=&#8221;1\/2&#8243; css=&#8221;.vc_custom_1591270617864{margin-right: 10px !important;margin-left: 10px !important;}&#8221;][vc_single_image image=&#8221;6580&#8243; img_size=&#8221;714x403px&#8221;][\/vc_column][\/vc_row][vc_row][vc_column][vc_empty_space height=&#8221;42px&#8221;][\/vc_column][\/vc_row][vc_row][vc_column][\/vc_column][\/vc_row][vc_row content_placement=&#8221;middle&#8221;][vc_column width=&#8221;1\/2&#8243; css=&#8221;.vc_custom_1591270626506{margin-right: 10px !important;margin-left: 10px !important;}&#8221;][vc_column_text][\/vc_column_text][\/vc_column][vc_column width=&#8221;1\/2&#8243; css=&#8221;.vc_custom_1590590523132{margin-right: 30px !important;margin-left: 30px !important;}&#8221;][vc_column_text] Avantatges de comprar les llic\u00e8ncies a Iddink? [\/vc_column_text][vc_column_text] [\/vc_column_text][\/vc_column][\/vc_row][vc_row][vc_column][vc_column_text] [\/vc_column_text][\/vc_column][\/vc_row][vc_row gap=&#8221;35&#8243; content_placement=&#8221;middle&#8221;][vc_column width=&#8221;1\/2&#8243;][vc_column_text][\/vc_column_text][\/vc_column][vc_column<\/p>\n","protected":false},"author":1,"featured_media":0,"parent":0,"menu_order":0,"comment_status":"closed","ping_status":"closed","template":"page-FullWidth.php","meta":[],"acf":[],"_links":{"self":[{"href":"https:\/\/microsites.iddink.es\/ca\/wp-json\/wp\/v2\/pages\/6550"}],"collection":[{"href":"https:\/\/microsites.iddink.es\/ca\/wp-json\/wp\/v2\/pages"}],"about":[{"href":"https:\/\/microsites.iddink.es\/ca\/wp-json\/wp\/v2\/types\/page"}],"author":[{"embeddable":true,"href":"https:\/\/microsites.iddink.es\/ca\/wp-json\/wp\/v2\/users\/1"}],"replies":[{"embeddable":true,"href":"https:\/\/microsites.iddink.es\/ca\/wp-json\/wp\/v2\/comments?post=6550"}],"version-history":[{"count":40,"href":"https:\/\/microsites.iddink.es\/ca\/wp-json\/wp\/v2\/pages\/6550\/revisions"}],"predecessor-version":[{"id":16367,"href":"https:\/\/microsites.iddink.es\/ca\/wp-json\/wp\/v2\/pages\/6550\/revisions\/16367"}],"wp:attachment":[{"href":"https:\/\/microsites.iddink.es\/ca\/wp-json\/wp\/v2\/media?parent=6550"}],"curies":[{"name":"wp","href":"https:\/\/api.w.org\/{rel}","templated":true}]}}