
{"id":6358,"date":"2020-05-12T08:28:37","date_gmt":"2020-05-12T08:28:37","guid":{"rendered":"http:\/\/microsites.iddink.es\/?page_id=6358"},"modified":"2026-05-05T06:17:43","modified_gmt":"2026-05-05T06:17:43","slug":"ecobooks","status":"publish","type":"page","link":"https:\/\/microsites.iddink.es\/ca\/ecobooks\/","title":{"rendered":"ecoBooks"},"content":{"rendered":"[vc_row][vc_column][vc_column_text]\n<h1 style=\"text-align: center;\"><strong>Establiment adherit<\/strong><\/h1>\n[\/vc_column_text][vc_single_image image=&#8221;16582&#8243; img_size=&#8221;full&#8221; alignment=&#8221;center&#8221;][vc_single_image image=&#8221;16773&#8243; img_size=&#8221;full&#8221; alignment=&#8221;center&#8221;][\/vc_column][\/vc_row][vc_row disable_element=&#8221;yes&#8221;][vc_column width=&#8221;1\/2&#8243;][vc_column_text]Campanya Val Escolar<br \/>\nIddink Spain establiment adherit<\/p>\n<p><strong>60 euros per bescanviar en material escolar<\/strong>[\/vc_column_text][\/vc_column][vc_column width=&#8221;1\/2&#8243;][vc_column_text]L\u2019ajut es dona en<strong> dos vals de 30 euros cadascun<\/strong>, s\u2019adre\u00e7a a les fam\u00edlies amb alumnes que al curs 2024-2025 facin prim\u00e0ria o secund\u00e0ria en centres p\u00fablics o concertats.[\/vc_column_text][\/vc_column][\/vc_row][vc_row gap=&#8221;10&#8243;][vc_column width=&#8221;3\/4&#8243;][vc_column_text]<div class=\"clear\"><\/div><div class=\"accordion-wrapper\"><h3 class=\"accordion-toggle\"><a href=\"#\">Qu\u00e8 \u00e9s la campanya Val Escolar?<\/a><\/h3><div class=\"accordion-container\">  <div class=\"content-block\"><ul>\n<li>\u00c9s una campanya impulsada per la Generalitat de Catalunya amb l\u2019objectiu d\u2019atorgar un ajut de 60 euros en concepte de material escolar a alumnes de prim\u00e0ria i secund\u00e0ria obligat\u00f2ria de centres educatius sostinguts amb fons p\u00fablics.<\/li>\n<\/ul><\/div><\/div><!-- end accordion-container --><h3 class=\"accordion-toggle\"><a href=\"#\">Quin material escolar puc comprar amb aquest ajut?<\/a><\/h3><div class=\"accordion-container\">  <div class=\"content-block\"><ul>\n<li>Es pot comprar material escolar en un sentit ampli, \u00e9s a dir, elements d&#8217;escriptura, papereria, llibres de text, literatura infantil i juvenil, diccionaris, petits instruments musicals, motxilles, estoigs, jocs educatius, calculadores, auriculars, teclats i ratolins. Tamb\u00e9 es poden adquirir llic\u00e8ncies de continguts educatius digitals.<\/li>\n<li>No es pot comprar roba, cal\u00e7at, ni tampoc material electr\u00f2nic, com ordinadors port\u00e0tils, tauletes o videojocs.<\/li>\n<\/ul><\/div><\/div><!-- end accordion-container --><h3 class=\"accordion-toggle\"><a href=\"#\">Com es fan servir els vals?<\/a><\/h3><div class=\"accordion-container\">  <div class=\"content-block\"><ul>\n<li>Cada alumne\/a disposa de dos vals de 30 euros de descompte que pot bescanviar als establiments adherits a la campanya. Cada val es pot utilitzar una sola vegada.<\/li>\n<li>Si es bescanvien a la botiga i l\u2019import de la compra supera els 30 euros amb l\u2019\u00fas d\u2019un val o els 60 euros amb l\u2019\u00fas de dos vals, la persona benefici\u00e0ria haur\u00e0 d\u2019abonar la difer\u00e8ncia. Si l\u2019import de la compra no supera els 30 euros amb l\u2019\u00fas d\u2019un val o els 60 euros amb l\u2019\u00fas de dos vals, l\u2019establiment no abonar\u00e0 la difer\u00e8ncia.<\/li>\n<li>Els vals s\u00f3n personals i intransferibles, i l\u2019establiment comprovar\u00e0 que s\u00f3n v\u00e0lids mitjan\u00e7ant un web de gesti\u00f3.<\/li>\n<li>La persona usu\u00e0ria ha de pagar l&#8217;import de la compra menys la quantitat corresponent al valor del val o dels vals que bescanvi\u00ef.<\/li>\n<\/ul><\/div><\/div><!-- end accordion-container --><h3 class=\"accordion-toggle\"><a href=\"#\">Si he fet servir vals per a una compra i he de tornar la compra, em tornen els diners?<\/a><\/h3><div class=\"accordion-container\">  <div class=\"content-block\"><ul>\n<li>No. Si has de tornar algun article, no et tornaran els diners. Nom\u00e9s s\u2019admeten canvis per un altre material escolar que tingui un import igual o superior a la compra que es retorni. Si l\u2019import \u00e9s superior, n\u2019has d\u2019abonar la difer\u00e8ncia.<\/li>\n<\/ul><\/div><\/div><!-- end accordion-container --><h3 class=\"accordion-toggle\"><a href=\"#\">Em puc gastar nom\u00e9s una part del val i conservar el saldo restant per a altres compres? Hi ha algun l\u00edmit de preu per producte o em puc gastar els 60 euros en un de sol?<\/a><\/h3><div class=\"accordion-container\">  <div class=\"content-block\"><ul>\n<li>Els vals es bescanvien per l\u2019import sencer, sense cap l\u00edmit de preu en els productes. No es pot bescanviar nom\u00e9s una part del val i conservar-ne el saldo restant.<\/li>\n<\/ul><\/div><\/div><!-- end accordion-container --><h3 class=\"accordion-toggle\"><a href=\"#\">Si el meu fill o filla es matricula despr\u00e9s del termini ordinari tindr\u00e0 aquest ajut? Com s\u2019ha de tramitar?<\/a><\/h3><div class=\"accordion-container\">  <div class=\"content-block\"><ul>\n<li>La primera distribuci\u00f3 dels vals es dur\u00e0 a terme durant el mes de juliol de 2026. Hi haur\u00e0 quatre noves distribucions per a l\u2019alumnat que es matriculi fins al 15 de juliol de 2026, fins al 5 de setembre de 2026, fins al 26 de setembre de 2026 i fins al 31 d&#8217;octubre de 2026. En els primers quinze dies despr\u00e9s de les dates indicades, s\u2019habilitaran els vals per al nou alumnat, que es podran obtenir a trav\u00e9s del web valescolar.cat o el 012.<\/li>\n<\/ul><\/div><\/div><!-- end accordion-container --><h3 class=\"accordion-toggle\"><a href=\"#\">Puc fer servir m\u00e9s d\u2019un val en una mateixa compra?<\/a><\/h3><div class=\"accordion-container\">  <div class=\"content-block\"><ul>\n<li>S\u00ed, pots fer servir els dos vals en una mateixa compra o fer servir cada val per separat.<\/li>\n<\/ul><\/div><\/div><!-- end accordion-container --><\/div><!-- end accordion-wrapper --><div class=\"clear\"><\/div>[\/vc_column_text][\/vc_column][vc_column width=&#8221;1\/4&#8243;][vc_row_inner][vc_column_inner][vc_single_image image=&#8221;16620&#8243; alignment=&#8221;center&#8221;][vc_separator][\/vc_column_inner][\/vc_row_inner][vc_column_text css=&#8221;.vc_custom_1716843993110{margin-right: 10px !important;}&#8221;]\n<h6>Si tens m\u00e9s dubtes o preguntes, t\u2019atendrem aqu\u00ed:<\/h6>\n[\/vc_column_text][vc_column_text][\/vc_column_text][vc_column_text]Per mail a <a href=\"mailto:info@iddink.cat\">info@iddink.cat<\/a>[\/vc_column_text][\/vc_column][vc_column][\/vc_column][\/vc_row]\n","protected":false},"excerpt":{"rendered":"<p>[vc_row][vc_column][vc_column_text] Establiment adherit [\/vc_column_text][vc_single_image image=&#8221;16582&#8243; img_size=&#8221;full&#8221; alignment=&#8221;center&#8221;][vc_single_image image=&#8221;16773&#8243; img_size=&#8221;full&#8221; alignment=&#8221;center&#8221;][\/vc_column][\/vc_row][vc_row disable_element=&#8221;yes&#8221;][vc_column width=&#8221;1\/2&#8243;][vc_column_text]Campanya Val Escolar Iddink Spain establiment adherit 60 euros per bescanviar en material escolar[\/vc_column_text][\/vc_column][vc_column width=&#8221;1\/2&#8243;][vc_column_text]L\u2019ajut es dona en dos vals de 30 euros cadascun, s\u2019adre\u00e7a a les fam\u00edlies amb alumnes que al curs 2024-2025 facin prim\u00e0ria<\/p>\n","protected":false},"author":1,"featured_media":0,"parent":0,"menu_order":0,"comment_status":"closed","ping_status":"closed","template":"page-FullWidth.php","meta":[],"acf":[],"_links":{"self":[{"href":"https:\/\/microsites.iddink.es\/ca\/wp-json\/wp\/v2\/pages\/6358"}],"collection":[{"href":"https:\/\/microsites.iddink.es\/ca\/wp-json\/wp\/v2\/pages"}],"about":[{"href":"https:\/\/microsites.iddink.es\/ca\/wp-json\/wp\/v2\/types\/page"}],"author":[{"embeddable":true,"href":"https:\/\/microsites.iddink.es\/ca\/wp-json\/wp\/v2\/users\/1"}],"replies":[{"embeddable":true,"href":"https:\/\/microsites.iddink.es\/ca\/wp-json\/wp\/v2\/comments?post=6358"}],"version-history":[{"count":139,"href":"https:\/\/microsites.iddink.es\/ca\/wp-json\/wp\/v2\/pages\/6358\/revisions"}],"predecessor-version":[{"id":16810,"href":"https:\/\/microsites.iddink.es\/ca\/wp-json\/wp\/v2\/pages\/6358\/revisions\/16810"}],"wp:attachment":[{"href":"https:\/\/microsites.iddink.es\/ca\/wp-json\/wp\/v2\/media?parent=6358"}],"curies":[{"name":"wp","href":"https:\/\/api.w.org\/{rel}","templated":true}]}}