
{"id":6338,"date":"2020-05-14T16:54:59","date_gmt":"2020-05-14T16:54:59","guid":{"rendered":"http:\/\/microsites.iddink.es\/?page_id=6338"},"modified":"2025-06-27T12:04:56","modified_gmt":"2025-06-27T12:04:56","slug":"projecte-de-reutilitzacio-de-llibres","status":"publish","type":"page","link":"https:\/\/microsites.iddink.es\/ca\/projecte-de-reutilitzacio-de-llibres\/","title":{"rendered":"Projecte de reutilitzaci\u00f3 de llibres"},"content":{"rendered":"[vc_row][vc_column][vc_column_text]\n<h1 style=\"text-align: center;\"><strong>Projecte de reutilitzaci\u00f3 de llibres<\/strong><\/h1>\n[\/vc_column_text][vc_column_text]\n<h5 style=\"text-align: center;\"><\/h5>\n[\/vc_column_text][\/vc_column][\/vc_row][vc_row][vc_column][vc_empty_space height=&#8221;42px&#8221;][\/vc_column][\/vc_row][vc_row content_placement=&#8221;middle&#8221;][vc_column width=&#8221;1\/4&#8243;][\/vc_column][vc_column width=&#8221;1\/2&#8243;][vc_column_text]\n<h4 style=\"text-align: center;\"><strong>Per qu\u00e8 socialitzar?<\/strong><\/h4>\n[\/vc_column_text][\/vc_column][vc_column width=&#8221;1\/4&#8243;][\/vc_column][\/vc_row][vc_row content_placement=&#8221;top&#8221;][vc_column width=&#8221;1\/4&#8243;][vc_single_image image=&#8221;6880&#8243; img_size=&#8221;&#8221; alignment=&#8221;center&#8221; el_class=&#8221;iconos-seguridad&#8221;][vc_column_text]\n<p style=\"text-align: center;\">Responsabilitat i respecte dels alumnes<\/p>\n[\/vc_column_text][\/vc_column][vc_column width=&#8221;1\/4&#8243;][vc_single_image image=&#8221;6878&#8243; img_size=&#8221;&#8221; alignment=&#8221;center&#8221; el_class=&#8221;iconos-seguridad&#8221;][vc_column_text]\n<p style=\"text-align: center;\">Estalvi al reduir la despesa<\/p>\n[\/vc_column_text][\/vc_column][vc_column width=&#8221;1\/4&#8243;][vc_single_image image=&#8221;6882&#8243; img_size=&#8221;&#8221; alignment=&#8221;center&#8221; el_class=&#8221;iconos-seguridad&#8221;][vc_column_text]\n<p style=\"text-align: center;\">Estalvi ecol\u00f2gic amb un consum racional i sostenible<\/p>\n[\/vc_column_text][\/vc_column][vc_column width=&#8221;1\/4&#8243;][vc_single_image image=&#8221;6868&#8243; img_size=&#8221;&#8221; alignment=&#8221;center&#8221; el_class=&#8221;iconos-seguridad&#8221;][vc_column_text]\n<p style=\"text-align: center;\">Fomentar una visi\u00f3 comunit\u00e0ria <span class=\"texto-peque-2\">(respectar, compartir, reutilitzar,&#8230;)<\/span><\/p>\n[\/vc_column_text][\/vc_column][\/vc_row][vc_row][vc_column][vc_empty_space height=&#8221;42px&#8221;][\/vc_column][\/vc_row][vc_row content_placement=&#8221;top&#8221;][vc_column width=&#8221;1\/2&#8243; css=&#8221;.vc_custom_1589478417379{margin-right: 30px !important;margin-left: 30px !important;}&#8221;][vc_column_text]<strong>Objectius del projecte de socialitzaci\u00f3<\/strong><\/p>\n<p><strong><i class=\"fa fa-check-square-o\" style=\"color:#03b6c4;\"><\/i> Regular i fomentar<\/strong> l&#8217;\u00fas racional dels recursos.<br \/>\n<i class=\"fa fa-check-square-o\" style=\"color:#03b6c4;\"><\/i> <strong>Educar<\/strong> per a la conservaci\u00f3 i reutilitzaci\u00f3 del material.<br \/>\n<i class=\"fa fa-check-square-o\" style=\"color:#03b6c4;\"><\/i> <strong>Garantir<\/strong> a les fam\u00edlies un estalvi econ\u00f2mic important en els llibres de text i altre material curricular mitjan\u00e7ant la seva reutilitzaci\u00f3, a partir de la participaci\u00f3 de les fam\u00edlies, l&#8217;alumnat i el professorat.[\/vc_column_text][\/vc_column][vc_column width=&#8221;1\/2&#8243; css=&#8221;.vc_custom_1589478426182{margin-right: 30px !important;margin-left: 30px !important;}&#8221;][vc_column_text]\n<p><strong>Comprom\u00eds del Centre i acord del Consell Escolar<\/strong><\/p>\n<p>El Projecte compta amb el comprom\u00eds del Consell Escolar de participar-hi per un per\u00edode m\u00ednim de quatre cursos escolars i amb un estalvi en el cost dels llibres i el material curricular de, com a m\u00ednim, el <strong><span class=\"destacado-naranja\"> %<\/span><\/strong> del PVP dels llibres que siguin reutilitzables.<\/p>\n[\/vc_column_text][\/vc_column][\/vc_row][vc_row][vc_column][vc_empty_space height=&#8221;42px&#8221;][\/vc_column][\/vc_row][vc_row content_placement=&#8221;middle&#8221;][vc_column width=&#8221;1\/6&#8243;][\/vc_column][vc_column width=&#8221;2\/3&#8243;][vc_column_text]\n<h4 style=\"text-align: center;\"><b>Mira&#8217;t aquest video per saber com funciona el<br \/>\nProjecte de Reutilitzaci\u00f3 de llibres<\/b><\/h4>\n[\/vc_column_text][vc_column_text]<!--[iddink_sf_video_html]--><br \/>\n[\/vc_column_text][\/vc_column][vc_column width=&#8221;1\/6&#8243;][\/vc_column][\/vc_row][vc_row][vc_column][vc_empty_space height=&#8221;42px&#8221;][\/vc_column][\/vc_row][vc_row full_width=&#8221;stretch_row&#8221; equal_height=&#8221;yes&#8221;][vc_column width=&#8221;1\/6&#8243; css=&#8221;.vc_custom_1589532321269{margin-right: -30px !important;}&#8221;][\/vc_column][vc_column width=&#8221;2\/3&#8243;][vc_row_inner][vc_column_inner el_class=&#8221;caja-izquierda&#8221; width=&#8221;1\/2&#8243; css=&#8221;.vc_custom_1589537327396{background-color: #f2f2f2 !important;}&#8221;][vc_column_text css=&#8221;.vc_custom_1589839269188{margin-left: 40px !important;}&#8221;]<strong>Estalvi mig per fam\u00edlia el curs passat amb Iddink:<\/strong><\/p>\n<h3><strong><img decoding=\"async\" loading=\"lazy\" class=\"size-full wp-image-6876 alignleft\" src=\"\/wp-content\/uploads\/2020\/05\/ico_porquet.png\" alt=\"\" width=\"160\" height=\"100\" \/><span class=\"destacado-naranja\">\u00a0 \u20ac<\/span><\/strong><\/h3>\n[\/vc_column_text][\/vc_column_inner][vc_column_inner el_class=&#8221;caja-derecha&#8221; width=&#8221;1\/2&#8243; css=&#8221;.vc_custom_1589537351236{background-color: #f2f2f2 !important;}&#8221;][vc_column_text css=&#8221;.vc_custom_1717923360023{margin-right: 40px !important;margin-left: 40px !important;}&#8221;]<strong>Estalvi mig de paper per centre el curs passat:<\/strong><\/p>\n<h3><img decoding=\"async\" loading=\"lazy\" class=\"size-full wp-image-6874 alignleft\" src=\"\/wp-content\/uploads\/2020\/05\/ico_paper.png\" alt=\"\" width=\"160\" height=\"100\" \/><strong><span class=\"destacado-naranja\">\u00a0 kg<\/span><\/strong><\/h3>\n[\/vc_column_text][\/vc_column_inner][\/vc_row_inner][\/vc_column][\/vc_row][vc_row][vc_column][vc_empty_space height=&#8221;42px&#8221;][\/vc_column][\/vc_row][vc_row full_width=&#8221;stretch_row&#8221; css=&#8221;.vc_custom_1589274087010{background-color: #f2f2f2 !important;}&#8221;][vc_column][vc_column_text css=&#8221;.vc_custom_1589627674237{margin-right: 50px !important;margin-left: 50px !important;}&#8221;]\n<h4><strong><img decoding=\"async\" loading=\"lazy\" class=\"alignleft wp-image-6385\" src=\"\/wp-content\/uploads\/2020\/05\/ico_ecobook1.png\" alt=\"\" width=\"200\" height=\"150\" \/><\/strong><\/h4>\n<h4><\/h4>\n<h4><strong>Iddink denomina <span style=\"color: #03b6c4;\">ecoBooks<\/span> als llibres reutilitzables que les fam\u00edlies poden adquirir amb un estalvi del <span class=\"destacado-naranja\"> %<\/span> del seu PVP si es retornen en bon estat al final del curs.<\/strong><\/h4>\n[\/vc_column_text][vc_empty_space height=&#8221;40px&#8221;][\/vc_column][\/vc_row][vc_row content_placement=&#8221;top&#8221;][vc_column width=&#8221;1\/2&#8243; css=&#8221;.vc_custom_1589478444601{margin-right: 30px !important;margin-left: 30px !important;}&#8221;][vc_column_text]<strong>Quin comprom\u00eds adquireixen els estudiants i les seves les fam\u00edlies? <\/strong><\/p>\n<p>Les fam\u00edlies i l\u2019alumnat es comprometen a fer un bon \u00fas dels llibres de text i de retornar-los al centre en finalitzar el curs escolar, aix\u00ed com a restituir-los o, en cas que n\u2019hagin fet un \u00fas inadequat que impedeixi reutilitzar-los posteriorment, pagar la difer\u00e8ncia entre el PVP i l\u2019import abonat en fer la compra. [\/vc_column_text][\/vc_column][vc_column width=&#8221;1\/2&#8243; css=&#8221;.vc_custom_1589478437105{margin-right: 30px !important;margin-left: 30px !important;}&#8221;][vc_column_text]<strong>Qui gestiona i com es controla el projecte?<\/strong><\/p>\n<p><strong><i class=\"fa fa-check-square-o\" style=\"color:#03b6c4;\"><\/i> Regular i fomentar<\/strong> La comissi\u00f3 de seguiment i gesti\u00f3 de llibres de text creada amb l\u2019aprovaci\u00f3 del Consell Escolar \u00e9s la responsable de gestionar i controlar el projecte.<\/p>\n<i class=\"fa fa-check-square-o\" style=\"color:#03b6c4;\"><\/i> S\u2019ha decidit subcontractar a l\u2019empresa IDDINK tota la operativa administrativa i log\u00edstica del projecte de reutilitzaci\u00f3 i tamb\u00e9 els serveis per la venda de llibres nous i altres materials a les fam\u00edlies.<br \/>\n[\/vc_column_text][\/vc_column][\/vc_row][vc_row][vc_column][vc_empty_space height=&#8221;42px&#8221;][\/vc_column][\/vc_row][vc_row full_width=&#8221;stretch_row&#8221;][vc_column][vc_column_text][\/vc_column_text][\/vc_column][\/vc_row][vc_row][vc_column][vc_empty_space height=&#8221;42px&#8221;][\/vc_column][\/vc_row][vc_row full_width=&#8221;stretch_row&#8221; content_placement=&#8221;middle&#8221; css=&#8221;.vc_custom_1589794488559{background-color: #03b6c4 !important;}&#8221;][vc_column][vc_column_text][\/vc_column_text][\/vc_column][\/vc_row][vc_row][vc_column][vc_empty_space height=&#8221;42px&#8221;][\/vc_column][\/vc_row][vc_row][vc_column][vc_column_text]\n[\/vc_column_text][\/vc_column][\/vc_row][vc_row][vc_column][vc_column_text]\n<h1 style=\"text-align: center;\"><strong>ecoBooks<\/strong><\/h1>\n[\/vc_column_text][\/vc_column][\/vc_row][vc_row content_placement=&#8221;middle&#8221;][vc_column width=&#8221;1\/2&#8243; css=&#8221;.vc_custom_1589793327006{margin-right: 30px !important;margin-left: 10px !important;}&#8221;][vc_column_text]Els <span style=\"color: #03b6c4;\">ecoBooks<\/span> s\u00f3n els llibres reutilitzables que gestiona Iddink. Aquests es compren per les fam\u00edlies amb un descompte del <strong>%<\/strong> sobre el seu PVP per a ser reutilitzats en cursos successius, proporcionant un gran estalvi econ\u00f2mic i ecol\u00f2gic.[\/vc_column_text][vc_column_text]<strong>Caracter\u00edstiques<\/strong><\/p>\n<p><strong><i class=\"fa fa-check-square-o\" style=\"color:#03b6c4;\"><\/i> %<\/strong> d\u2019estalvi garantit sobre el PVP<br \/>\n<i class=\"fa fa-check-square-o\" style=\"color:#03b6c4;\"><\/i> Es retornen al final del curs<br \/>\n<i class=\"fa fa-check-square-o\" style=\"color:#03b6c4;\"><\/i> Poden ser nous o de segona m\u00e0<br \/>\n<i class=\"fa fa-check-square-o\" style=\"color:#03b6c4;\"><\/i> Tenen una vida \u00fatil de 4 anys[\/vc_column_text][\/vc_column][vc_column width=&#8221;1\/2&#8243;][vc_single_image image=&#8221;6362&#8243; img_size=&#8221;714x403px&#8221;][\/vc_column][\/vc_row][vc_row][vc_column][vc_empty_space height=&#8221;42px&#8221;][\/vc_column][\/vc_row][vc_row full_width=&#8221;stretch_row&#8221; css=&#8221;.vc_custom_1589274087010{background-color: #f2f2f2 !important;}&#8221;][vc_column][vc_column_text css=&#8221;.vc_custom_1589274586263{margin-right: 50px !important;margin-left: 50px !important;}&#8221;]\n<h4><strong><img decoding=\"async\" loading=\"lazy\" class=\"alignleft wp-image-6385\" src=\"https:\/\/microsites.iddink.es\/wp-content\/uploads\/2020\/05\/ico_ecobook1.png\" alt=\"\" width=\"200\" height=\"150\" \/><\/strong><\/h4>\n<h4><\/h4>\n<h4><strong>Iddink garanteix suficients <span style=\"color: #03b6c4;\">ecoBooks<\/span> per a tots els alumnes de tots els cursos, de forma que ning\u00fa se\u2019n quedi sense.<\/strong><\/h4>\n[\/vc_column_text][vc_empty_space height=&#8221;40px&#8221;][\/vc_column][\/vc_row][vc_row][vc_column][vc_empty_space height=&#8221;42px&#8221;][\/vc_column][\/vc_row][vc_row content_placement=&#8221;middle&#8221;][vc_column width=&#8221;1\/2&#8243; css=&#8221;.vc_custom_1589793346754{margin-right: 30px !important;margin-left: 10px !important;}&#8221;][vc_column_text]\n<h4 style=\"text-align: left;\"><b>Criteris de qualitat<\/b><\/h4>\n<p>Els <span style=\"color: #03b6c4;\"><strong>ecoBooks<\/strong><\/span> han de complir uns requisits m\u00ednims de qualitat per poder ser reutilitzats. En el seg\u00fcent v\u00eddeo s\u2019expliquen.<\/p>\n<p>Mira el v\u00eddeo per saber els criteris de qualitat que es fan servir i per saber com s\u2019han de tractar al llarg del curs.[\/vc_column_text][\/vc_column][vc_column width=&#8221;1\/2&#8243;][vc_column_text][\/vc_column_text][\/vc_column][\/vc_row][vc_row][vc_column][vc_empty_space height=&#8221;42px&#8221;][\/vc_column][\/vc_row][vc_row content_placement=&#8221;middle&#8221;][vc_column width=&#8221;1\/2&#8243; css=&#8221;.vc_custom_1589793355076{margin-right: 30px !important;margin-left: 10px !important;}&#8221;][vc_column_text]\n<h4 style=\"text-align: left;\"><b>Quan es retornen?<\/b><\/h4>\n<p>Els <span style=\"color: #03b6c4;\"><strong>ecoBooks<\/strong><\/span> s\u2019han de retornar:<\/p>\n<p><strong> <\/strong><br \/>\n<strong><\/strong><\/p>\n<p>Si es necessiten per setembre s\u2019haur\u00e0 de comunicar a Iddink per mail o des de la web; retornar-los m\u00e9s tard t\u00e9 un cost addicional de 2,5\u20ac per llibre.[\/vc_column_text][\/vc_column][vc_column width=&#8221;1\/2&#8243;][vc_column_text][\/vc_column_text][\/vc_column][\/vc_row][vc_row][vc_column][vc_empty_space height=&#8221;42px&#8221;][\/vc_column][\/vc_row][vc_row full_width=&#8221;stretch_row&#8221;][vc_column][vc_column_text]\n<h4 style=\"text-align: center;\"><strong>Exemple de cost per un llibre ecoBook de \u20ac PVP<\/strong><\/h4>\n[\/vc_column_text][\/vc_column][\/vc_row][vc_row full_width=&#8221;stretch_row&#8221; equal_height=&#8221;yes&#8221;][vc_column width=&#8221;1\/2&#8243; css=&#8221;.vc_custom_1589285942099{background-color: #f2f2f2 !important;}&#8221; el_class=&#8221;caja-izquierda&#8221;][vc_column_text css=&#8221;.vc_custom_1716370421366{margin-left: 40px !important;}&#8221;]<strong>Al Juny\/Juliol 2024 es pagaria:<\/strong><br \/>\nSi el llibre es compra nou:<\/p>\n<h4 style=\"padding-left: 40px;\"><strong>\u20ac PVP <span class=\"destacado-naranja\"> &#8211; %<\/span> =  \u20ac<\/strong><\/h4>\n<p>Si el llibre es compra <span style=\"color: #03b6c4;\"><strong>ecoBook<\/strong><\/span>:<\/p>\n<h4 style=\"padding-left: 40px;\"><strong>\u20ac PVP <span class=\"destacado-naranja\"> &#8211; %<\/span> = <span style=\"color: #03b6c4;\"> \u20ac<\/span><\/strong><\/h4>\n[\/vc_column_text][\/vc_column][vc_column width=&#8221;1\/2&#8243; css=&#8221;.vc_custom_1589286038602{background-color: #f2f2f2 !important;}&#8221; el_class=&#8221;caja-derecha&#8221;][vc_column_text css=&#8221;.vc_custom_1716370427347{margin-right: 40px !important;margin-left: 40px !important;}&#8221;]<strong>Al Juny\/Juliol 2025: <\/strong><\/p>\n<i class=\"fa fa-check-square-o\" style=\"color:#03b6c4;\"><\/i> Si els llibres <b>es retornen en bon estat, <\/b><b>no s\u2019ha de pagar res m\u00e9s<\/b><\/p>\n<i class=\"fa fa-check-square-o\" style=\"color:#03b6c4;\"><\/i> Si els llibres <strong>no es retornen o es retornen en mal estat,<\/strong> s\u2019haur\u00e0 de pagar l\u2019estalvi obtingut, amb una bonificaci\u00f3 del %[\/vc_column_text][\/vc_column][\/vc_row][vc_row][vc_column][vc_empty_space height=&#8221;42px&#8221;][\/vc_column][\/vc_row]\n","protected":false},"excerpt":{"rendered":"<p>[vc_row][vc_column][vc_column_text] Projecte de reutilitzaci\u00f3 de llibres [\/vc_column_text][vc_column_text] [\/vc_column_text][\/vc_column][\/vc_row][vc_row][vc_column][vc_empty_space height=&#8221;42px&#8221;][\/vc_column][\/vc_row][vc_row content_placement=&#8221;middle&#8221;][vc_column width=&#8221;1\/4&#8243;][\/vc_column][vc_column width=&#8221;1\/2&#8243;][vc_column_text] Per qu\u00e8 socialitzar? [\/vc_column_text][\/vc_column][vc_column width=&#8221;1\/4&#8243;][\/vc_column][\/vc_row][vc_row content_placement=&#8221;top&#8221;][vc_column width=&#8221;1\/4&#8243;][vc_single_image image=&#8221;6880&#8243; img_size=&#8221;&#8221; alignment=&#8221;center&#8221; el_class=&#8221;iconos-seguridad&#8221;][vc_column_text] Responsabilitat i respecte dels alumnes [\/vc_column_text][\/vc_column][vc_column width=&#8221;1\/4&#8243;][vc_single_image image=&#8221;6878&#8243; img_size=&#8221;&#8221; alignment=&#8221;center&#8221; el_class=&#8221;iconos-seguridad&#8221;][vc_column_text] Estalvi al reduir la despesa [\/vc_column_text][\/vc_column][vc_column width=&#8221;1\/4&#8243;][vc_single_image image=&#8221;6882&#8243; img_size=&#8221;&#8221; alignment=&#8221;center&#8221; el_class=&#8221;iconos-seguridad&#8221;][vc_column_text] Estalvi ecol\u00f2gic<\/p>\n","protected":false},"author":1,"featured_media":0,"parent":0,"menu_order":0,"comment_status":"closed","ping_status":"closed","template":"page-FullWidth.php","meta":[],"acf":[],"_links":{"self":[{"href":"https:\/\/microsites.iddink.es\/ca\/wp-json\/wp\/v2\/pages\/6338"}],"collection":[{"href":"https:\/\/microsites.iddink.es\/ca\/wp-json\/wp\/v2\/pages"}],"about":[{"href":"https:\/\/microsites.iddink.es\/ca\/wp-json\/wp\/v2\/types\/page"}],"author":[{"embeddable":true,"href":"https:\/\/microsites.iddink.es\/ca\/wp-json\/wp\/v2\/users\/1"}],"replies":[{"embeddable":true,"href":"https:\/\/microsites.iddink.es\/ca\/wp-json\/wp\/v2\/comments?post=6338"}],"version-history":[{"count":102,"href":"https:\/\/microsites.iddink.es\/ca\/wp-json\/wp\/v2\/pages\/6338\/revisions"}],"predecessor-version":[{"id":16786,"href":"https:\/\/microsites.iddink.es\/ca\/wp-json\/wp\/v2\/pages\/6338\/revisions\/16786"}],"wp:attachment":[{"href":"https:\/\/microsites.iddink.es\/ca\/wp-json\/wp\/v2\/media?parent=6338"}],"curies":[{"name":"wp","href":"https:\/\/api.w.org\/{rel}","templated":true}]}}