
{"id":4819,"date":"2020-05-11T06:59:04","date_gmt":"2020-05-11T06:59:04","guid":{"rendered":"http:\/\/microsites.iddink.es\/?page_id=4819"},"modified":"2025-06-27T12:00:40","modified_gmt":"2025-06-27T12:00:40","slug":"homeiddink","status":"publish","type":"page","link":"https:\/\/microsites.iddink.es\/ca\/homeiddink\/","title":{"rendered":"HomeIddink"},"content":{"rendered":"[vc_row][vc_column offset=&#8221;vc_hidden-lg vc_hidden-md vc_hidden-sm vc_hidden-xs&#8221;][vc_column_text][\/vc_column_text][\/vc_column][\/vc_row][vc_row][vc_column][vc_column_text]\n<h4 style=\"text-align: center;\"><strong>Servei de venda de Llibres de text i material escolar pel curs 2025-26<\/strong><\/h4>\n[\/vc_column_text][\/vc_column][\/vc_row][vc_row][vc_column][vc_column_text][\/vc_column_text][\/vc_column][\/vc_row][vc_row content_placement=&#8221;middle&#8221;][vc_column width=&#8221;1\/2&#8243;][vc_single_image image=&#8221;7369&#8243; img_size=&#8221;full&#8221; alignment=&#8221;center&#8221; el_class=&#8221;destacado-corazon2&#8243;][vc_column_text el_id=&#8221;text-corazon&#8221;]\n<p style=\"text-align: center;\"><span id=\"text-corazon-medium\">Estalvia&#8217;t<\/span><br \/>\n<span id=\"text-corazon-small\">fins el<\/span><br \/>\n<span id=\"text-corazon-big\"> %<\/span><\/p>\n[\/vc_column_text][vc_single_image image=&#8221;8332&#8243; img_size=&#8221;611x417px&#8221; alignment=&#8221;center&#8221;][\/vc_column][vc_column width=&#8221;1\/2&#8243; css=&#8221;.vc_custom_1589544776845{margin-right: 50px !important;}&#8221;][vc_column_text el_class=&#8221;text-info-home&#8221;]\n<p style=\"text-align: center;\">\n[\/vc_column_text][vc_column_text el_class=&#8221;text-info-home&#8221;]\n<p style=\"text-align: center;\">\n<div id=\"gtx-trans\" style=\"position: absolute; left: -21px; top: -10px;\">\n<div class=\"gtx-trans-icon\"><\/div>\n<\/div>\n[\/vc_column_text][vc_column_text]\n<p style=\"text-align: center;\">\n<div id=\"gtx-trans\" style=\"position: absolute; left: -107px; top: -10px;\">\n<div class=\"gtx-trans-icon\"><\/div>\n<\/div>\n[\/vc_column_text][\/vc_column][\/vc_row][vc_row][vc_column][vc_empty_space][\/vc_column][\/vc_row][vc_row full_width=&#8221;stretch_row&#8221; gap=&#8221;15&#8243; equal_height=&#8221;yes&#8221; content_placement=&#8221;top&#8221; css=&#8221;.vc_custom_1591265690223{background-color: #03b6c4 !important;}&#8221;][vc_column width=&#8221;1\/3&#8243;][\/vc_column][vc_column width=&#8221;1\/3&#8243;][vc_column_text el_class=&#8221;text-white&#8221; el_id=&#8221;franja-blava-container-text-white&#8221;]\n<h4 class=\"text-white\" style=\"text-align: center;\"><strong>Pots realitzar la teva comanda per Internet<\/strong><\/h4>\n[\/vc_column_text][vc_column_text]\n<div class=\"btn-centre\"><\/div>\n[\/vc_column_text][vc_column_text]\n<div class=\"btn-centre\"><\/div>\n[\/vc_column_text][\/vc_column][vc_column width=&#8221;1\/3&#8243;][\/vc_column][\/vc_row][vc_row full_width=&#8221;stretch_row&#8221; gap=&#8221;15&#8243; equal_height=&#8221;yes&#8221; content_placement=&#8221;middle&#8221; css=&#8221;.vc_custom_1591263514307{background-color: #03b6c4 !important;}&#8221;][vc_column width=&#8221;1\/12&#8243; css=&#8221;.vc_custom_1591263825822{margin-left: 30px !important;}&#8221; offset=&#8221;vc_hidden-lg vc_hidden-md vc_hidden-sm vc_hidden-xs&#8221;][vc_column_text el_class=&#8221;text-white&#8221;]\n<h4 class=\"text-white\"><strong>Pots realitzar la teva comanda per tel\u00e8fon<\/strong><\/h4>\n<p class=\"text-white\">de 10:00 a 19:00 hores de dilluns a divendres<\/p>\n<h4 class=\"text-white\"><strong>O tamb\u00e9 per Internet<\/strong><\/h4>\n[\/vc_column_text][\/vc_column][vc_column width=&#8221;1\/12&#8243; offset=&#8221;vc_hidden-lg vc_hidden-md vc_hidden-sm vc_hidden-xs&#8221;][vc_column_text el_class=&#8221;text-white&#8221;]<img decoding=\"async\" loading=\"lazy\" class=\"size-full wp-image-6872 alignleft\" src=\"\/wp-content\/uploads\/2020\/05\/ico_mobil.png\" alt=\"\" width=\"99\" height=\"71\" \/><\/p>\n<h4 class=\"text-white-left\"><a class=\"telefono\" href=\"tel:+34902545411\"><strong>902 565 411<\/strong><\/a><\/h4>\n[\/vc_column_text][vc_btn title=&#8221;Fer la meva comanda&#8221; style=&#8221;classic&#8221; color=&#8221;white&#8221; align=&#8221;center&#8221; link=&#8221;url:https%3A%2F%2Fwww.iddink.es%2Fbestellen%2F||target:%20_blank|&#8221;][\/vc_column][\/vc_row][vc_row full_width=&#8221;stretch_row&#8221; content_placement=&#8221;middle&#8221; css=&#8221;.vc_custom_1589541759397{background-color: #03b6c4 !important;}&#8221;][vc_column width=&#8221;1\/12&#8243; offset=&#8221;vc_hidden-lg vc_hidden-md vc_hidden-sm vc_hidden-xs&#8221;][vc_column_text el_class=&#8221;text-white&#8221;]\n<h4 class=\"text-white\"><strong>Tamb\u00e9 pots realitzar la teva comanda per tel\u00e8fon<\/strong><\/h4>\n<p class=\"text-white\">de 10:00 a 19:00 hores de dilluns a divendres<\/p>\n[\/vc_column_text][\/vc_column][vc_column width=&#8221;1\/12&#8243; offset=&#8221;vc_hidden-lg vc_hidden-md vc_hidden-sm vc_hidden-xs&#8221;][vc_column_text el_class=&#8221;text-white&#8221;]<img decoding=\"async\" loading=\"lazy\" class=\"size-full wp-image-6872 alignleft\" src=\"\/wp-content\/uploads\/2020\/05\/ico_mobil.png\" alt=\"\" width=\"99\" height=\"71\" \/><\/p>\n<h4 class=\"text-white-left\">93 238 88 33<\/h4>\n[\/vc_column_text][vc_btn title=&#8221;Fer la meva comanda&#8221; style=&#8221;classic&#8221; color=&#8221;white&#8221; align=&#8221;center&#8221; link=&#8221;url:https%3A%2F%2Fwww.iddink.es%2Fbestellen%2F||target:%20_blank|&#8221;][\/vc_column][\/vc_row][vc_row][vc_column][vc_empty_space][\/vc_column][\/vc_row][vc_row content_placement=&#8221;middle&#8221;][vc_column width=&#8221;1\/2&#8243; el_class=&#8221;vc_column-inner_icon&#8221;][vc_column_text css=&#8221;.vc_custom_1591265023067{margin-right: 140px !important;}&#8221;]\n<h4 style=\"text-align: center;\"><strong>Qu\u00e8 es pot comprar a Iddink?<\/strong><\/h4>\n[\/vc_column_text][vc_row_inner content_placement=&#8221;top&#8221;][vc_column_inner width=&#8221;1\/2&#8243;][vc_column_text]<i class=\"fa fa-check-square-o\" style=\"color:#03b6c4;\"><\/i> Llibres de text<br \/>\n<i class=\"fa fa-check-square-o\" style=\"color:#03b6c4;\"><\/i> Lectures<br \/>\n<i class=\"fa fa-check-square-o\" style=\"color:#03b6c4;\"><\/i> Llic\u00e8ncies digitals<br \/>\n<i class=\"fa fa-check-square-o\" style=\"color:#03b6c4;\"><\/i> Llibres reutilitzats[\/vc_column_text][\/vc_column_inner][vc_column_inner width=&#8221;1\/2&#8243;][vc_column_text]<i class=\"fa fa-check-square-o\" style=\"color:#03b6c4;\"><\/i> Dossiers<br \/>\n<i class=\"fa fa-check-square-o\" style=\"color:#03b6c4;\"><\/i> Material rob\u00f2tica<br \/>\n<i class=\"fa fa-check-square-o\" style=\"color:#03b6c4;\"><\/i> Hardware<br \/>\n<i class=\"fa fa-check-square-o\" style=\"color:#03b6c4;\"><\/i> Material escolar[\/vc_column_text][\/vc_column_inner][\/vc_row_inner][\/vc_column][vc_column width=&#8221;1\/2&#8243; css=&#8221;.vc_custom_1589205841628{background-position: center !important;background-repeat: no-repeat !important;background-size: contain !important;}&#8221;][vc_column_text][\/vc_column_text][\/vc_column][\/vc_row][vc_row][vc_column][vc_empty_space][\/vc_column][\/vc_row][vc_row full_width=&#8221;stretch_row&#8221; content_placement=&#8221;middle&#8221; css=&#8221;.vc_custom_1589546457765{background-color: #f2f2f2 !important;}&#8221;][vc_column width=&#8221;1\/12&#8243;][\/vc_column][vc_column width=&#8221;10\/12&#8243;][vc_column_text el_class=&#8221;text-white&#8221;]\n<h4 style=\"text-align: center;\"><strong>Avantatges de fer la comanda fins al <span class=\"destacado-naranja\">20\u00a0de juliol<\/span><\/strong><\/h4>\n[\/vc_column_text][vc_column_text el_class=&#8221;text-white&#8221;]<img decoding=\"async\" loading=\"lazy\" class=\" wp-image-6709 alignleft\" src=\"\/wp-content\/uploads\/2020\/05\/ico_calendar.png\" alt=\"\" width=\"229\" height=\"198\" \/><\/p>\n<p class=\"texto-oscuro\"><strong>1. Garantia<\/strong> de tenir la comanda al teu domicili abans de l&#8217;inici del curs<\/p>\n<p class=\"texto-oscuro\"><strong>2. Estalvi de 3\u20ac<\/strong> en els costos del transport a domicili en les comandes realitzades fins al <strong>20 de juliol.<\/strong><\/p>\n<p class=\"texto-oscuro\"><strong>3. Devoluci\u00f3 gratu\u00efta <\/strong>(sempre que es retorni abans del 30 de setembre)<\/p>\n<p class=\"texto-oscuro\"><strong>4.<\/strong> Possibilitat d\u2019encarregar el <strong>folrat dels llibres<\/strong><\/p>\n[\/vc_column_text][\/vc_column][vc_column width=&#8221;1\/12&#8243;][\/vc_column][\/vc_row][vc_row][vc_column][vc_empty_space][\/vc_column][\/vc_row][vc_row disable_element=&#8221;yes&#8221;][vc_column][vc_column_text]\n<h4 style=\"text-align: center;\"><strong>Lliurament amb totes les garanties contra el Covid-19<\/strong><\/h4>\n[\/vc_column_text][\/vc_column][\/vc_row][vc_row gap=&#8221;20&#8243; disable_element=&#8221;yes&#8221;][vc_column width=&#8221;1\/4&#8243;][vc_single_image image=&#8221;6707&#8243; img_size=&#8221;&#8221; alignment=&#8221;center&#8221; el_class=&#8221;iconos-seguridad&#8221;][vc_column_text]\n<p style=\"text-align: center;\"><strong>Comanda a dist\u00e0ncia<\/strong><\/p>\n<p style=\"text-align: center;\">La far\u00e0s per internet a <a href=\"https:\/\/www.iddink.es\/bestellen\/?taalISO=cat\">www.iddink.cat<\/a> o per tel\u00e8fon, gratu\u00eftament, al 93 238 88 33<\/p>\n[\/vc_column_text][\/vc_column][vc_column width=&#8221;1\/4&#8243;][vc_single_image image=&#8221;6705&#8243; img_size=&#8221;&#8221; alignment=&#8221;center&#8221; el_class=&#8221;iconos-seguridad&#8221;][vc_column_text]\n<p style=\"text-align: center;\"><strong>Entrega en 48\/72h<\/strong><\/p>\n<p style=\"text-align: center;\">Garantim els torns de treball redu\u00efts i ens adeq\u00fcem a les necessitats de reducci\u00f3 de mobilitat<\/p>\n[\/vc_column_text][\/vc_column][vc_column width=&#8221;1\/4&#8243;][vc_single_image image=&#8221;6703&#8243; img_size=&#8221;&#8221; alignment=&#8221;center&#8221; el_class=&#8221;iconos-seguridad&#8221;][vc_column_text]\n<p style=\"text-align: center;\"><strong>Garantia d&#8217;higiene<\/strong><\/p>\n<p style=\"text-align: center;\">Tant treballadors com transportistes tenen els materials de protecci\u00f3 i higiene recomanats<\/p>\n[\/vc_column_text][\/vc_column][vc_column width=&#8221;1\/4&#8243;][vc_single_image image=&#8221;6721&#8243; img_size=&#8221;&#8221; alignment=&#8221;center&#8221; el_class=&#8221;iconos-seguridad&#8221;][vc_column_text]\n<p style=\"text-align: center;\"><strong>Entrega segura<\/strong><\/p>\n<p style=\"text-align: center;\">Et deixarem la comanda a la porta o a l&#8217;ascensor i garantirem la dist\u00e0ncia recomanada, evitant qualsevol contacte<\/p>\n[\/vc_column_text][\/vc_column][\/vc_row][vc_row][vc_column][vc_empty_space][\/vc_column][\/vc_row][vc_row][vc_column][vc_empty_space][\/vc_column][\/vc_row][vc_row][vc_column][vc_empty_space][\/vc_column][\/vc_row][vc_row content_placement=&#8221;middle&#8221;][vc_column width=&#8221;1\/2&#8243;][vc_column_text]\n<h4 style=\"text-align: left;\"><b>Quins avantatges ofereix Iddink?<\/b><\/h4>\n<p><span class=\"texto-azul\">Satisfacci\u00f3.<\/span> Pots retornar la teva comanda per qualsevol motiu fins al 30 de setembre i Iddink et retornar\u00e0 l\u2019import \u00edntegre.<\/p>\n<p><span class=\"texto-azul\">Qualitat.<\/span> Pots comunicar qualsevol incid\u00e8ncia que trobis als ecoBooks fins al 30 de setembre i ho solucionarem.<\/p>\n<p><span class=\"texto-azul\">Entrega.<\/span> Totes les comandes fetes fins al 20 de Juliol s\u2019entregaran al teu domicili abans de l\u2019inici del curs.<\/p>\n<p><span class=\"texto-azul\">Equitat.<\/span> Garantim llibres ecoBooks per a tots els alumnes de tots els cursos en igualtat de condicions.<\/p>\n<p><span class=\"texto-azul\">Fiabilitat.<\/span> Revisem la llista amb el centre i ens assegurem de que compres exactament el necessari pel curs.[\/vc_column_text][\/vc_column][vc_column width=&#8221;1\/2&#8243;][vc_single_image image=&#8221;6717&#8243; img_size=&#8221;597x611px&#8221;][\/vc_column][\/vc_row][vc_row][vc_column][vc_empty_space height=&#8221;42px&#8221;][\/vc_column][\/vc_row]\n","protected":false},"excerpt":{"rendered":"<p>[vc_row][vc_column offset=&#8221;vc_hidden-lg vc_hidden-md vc_hidden-sm vc_hidden-xs&#8221;][vc_column_text][\/vc_column_text][\/vc_column][\/vc_row][vc_row][vc_column][vc_column_text] Servei de venda de Llibres de text i material escolar pel curs 2025-26 [\/vc_column_text][\/vc_column][\/vc_row][vc_row][vc_column][vc_column_text][\/vc_column_text][\/vc_column][\/vc_row][vc_row content_placement=&#8221;middle&#8221;][vc_column width=&#8221;1\/2&#8243;][vc_single_image image=&#8221;7369&#8243; img_size=&#8221;full&#8221; alignment=&#8221;center&#8221; el_class=&#8221;destacado-corazon2&#8243;][vc_column_text el_id=&#8221;text-corazon&#8221;] Estalvia&#8217;t fins el % [\/vc_column_text][vc_single_image image=&#8221;8332&#8243; img_size=&#8221;611x417px&#8221; alignment=&#8221;center&#8221;][\/vc_column][vc_column width=&#8221;1\/2&#8243; css=&#8221;.vc_custom_1589544776845{margin-right: 50px !important;}&#8221;][vc_column_text el_class=&#8221;text-info-home&#8221;] [\/vc_column_text][vc_column_text el_class=&#8221;text-info-home&#8221;] [\/vc_column_text][vc_column_text] [\/vc_column_text][\/vc_column][\/vc_row][vc_row][vc_column][vc_empty_space][\/vc_column][\/vc_row][vc_row full_width=&#8221;stretch_row&#8221; gap=&#8221;15&#8243; equal_height=&#8221;yes&#8221; content_placement=&#8221;top&#8221;<\/p>\n","protected":false},"author":1,"featured_media":0,"parent":0,"menu_order":0,"comment_status":"closed","ping_status":"closed","template":"page-FullWidth.php","meta":[],"acf":[],"_links":{"self":[{"href":"https:\/\/microsites.iddink.es\/ca\/wp-json\/wp\/v2\/pages\/4819"}],"collection":[{"href":"https:\/\/microsites.iddink.es\/ca\/wp-json\/wp\/v2\/pages"}],"about":[{"href":"https:\/\/microsites.iddink.es\/ca\/wp-json\/wp\/v2\/types\/page"}],"author":[{"embeddable":true,"href":"https:\/\/microsites.iddink.es\/ca\/wp-json\/wp\/v2\/users\/1"}],"replies":[{"embeddable":true,"href":"https:\/\/microsites.iddink.es\/ca\/wp-json\/wp\/v2\/comments?post=4819"}],"version-history":[{"count":111,"href":"https:\/\/microsites.iddink.es\/ca\/wp-json\/wp\/v2\/pages\/4819\/revisions"}],"predecessor-version":[{"id":16785,"href":"https:\/\/microsites.iddink.es\/ca\/wp-json\/wp\/v2\/pages\/4819\/revisions\/16785"}],"wp:attachment":[{"href":"https:\/\/microsites.iddink.es\/ca\/wp-json\/wp\/v2\/media?parent=4819"}],"curies":[{"name":"wp","href":"https:\/\/api.w.org\/{rel}","templated":true}]}}