
{"id":10413,"date":"2020-05-25T08:33:27","date_gmt":"2020-05-25T08:33:27","guid":{"rendered":"http:\/\/microsites.iddink.es\/?page_id=10413"},"modified":"2020-05-27T09:31:56","modified_gmt":"2020-05-27T09:31:56","slug":"avis-legal","status":"publish","type":"page","link":"https:\/\/microsites.iddink.es\/ca\/avis-legal\/","title":{"rendered":"avis legal"},"content":{"rendered":"[vc_row content_placement=&#8221;middle&#8221;][vc_column][vc_column_text]\n<h2>Av\u00eds legal<\/h2>\n[\/vc_column_text][vc_column_text]\n<p>L&#8217;informem que el responsable d&#8217;aquest Lloc Web \u00e9s:<\/p>\n[\/vc_column_text][vc_column_text]\n<table class=\"egt\">\n<tbody>\n<tr>\n<td>DENOMINACI\u00d3<\/td>\n<td>IDDINK SPAIN, S.L.U.<\/td>\n<\/tr>\n<tr>\n<td>C.I.F.<\/td>\n<td>B-65090458<\/td>\n<\/tr>\n<tr>\n<td>DOMICILI<\/td>\n<td>Avda. de la Ribera 11, Pol\u00edgon Industrial Pallej\u00e0, 08780, Pallej\u00e0 (Barcelona)<\/td>\n<\/tr>\n<tr>\n<td>CORREU ELECTR\u00d2NIC DEL DELEGAT DE PROTECCI\u00d3 DE DADES<\/td>\n<td><a href=\"mailto:info@iddink.es\">info@iddink.es<\/a><\/td>\n<\/tr>\n<tr>\n<td>TEL\u00c8FON<\/td>\n<td>902 565 411<\/td>\n<\/tr>\n<tr>\n<td>INSCRIPCI\u00d3<\/td>\n<td>Registre Mercantil de BARCELONA, TOMO: 41247, SECCI\u00d3: GENERAL, FOLIO: 0095, FULLA: 378517, Inscripci\u00f3 1\u00aa.<\/td>\n<\/tr>\n<\/tbody>\n<\/table>\n[\/vc_column_text][vc_column_text]\n<p>Aquest nom de domini no pot ser utilitzat en connexi\u00f3 amb altres continguts, productes o serveis que no siguin titularitat de l&#8217;Entitat ni de cap mena que pugui causar confusi\u00f3 entre els usuaris finals o el descr\u00e8dit de l&#8217;Entitat.<\/p>\n[\/vc_column_text][\/vc_column][\/vc_row]\n","protected":false},"excerpt":{"rendered":"<p>[vc_row content_placement=&#8221;middle&#8221;][vc_column][vc_column_text] Av\u00eds legal [\/vc_column_text][vc_column_text] L&#8217;informem que el responsable d&#8217;aquest Lloc Web \u00e9s: [\/vc_column_text][vc_column_text] DENOMINACI\u00d3 IDDINK SPAIN, S.L.U. C.I.F. B-65090458 DOMICILI Avda. de la Ribera 11, Pol\u00edgon Industrial Pallej\u00e0, 08780, Pallej\u00e0 (Barcelona) CORREU ELECTR\u00d2NIC DEL DELEGAT DE PROTECCI\u00d3 DE DADES info@iddink.es TEL\u00c8FON 902 565 411 INSCRIPCI\u00d3 Registre<\/p>\n","protected":false},"author":1,"featured_media":0,"parent":0,"menu_order":0,"comment_status":"closed","ping_status":"closed","template":"page-FullWidth.php","meta":[],"acf":[],"_links":{"self":[{"href":"https:\/\/microsites.iddink.es\/ca\/wp-json\/wp\/v2\/pages\/10413"}],"collection":[{"href":"https:\/\/microsites.iddink.es\/ca\/wp-json\/wp\/v2\/pages"}],"about":[{"href":"https:\/\/microsites.iddink.es\/ca\/wp-json\/wp\/v2\/types\/page"}],"author":[{"embeddable":true,"href":"https:\/\/microsites.iddink.es\/ca\/wp-json\/wp\/v2\/users\/1"}],"replies":[{"embeddable":true,"href":"https:\/\/microsites.iddink.es\/ca\/wp-json\/wp\/v2\/comments?post=10413"}],"version-history":[{"count":6,"href":"https:\/\/microsites.iddink.es\/ca\/wp-json\/wp\/v2\/pages\/10413\/revisions"}],"predecessor-version":[{"id":13152,"href":"https:\/\/microsites.iddink.es\/ca\/wp-json\/wp\/v2\/pages\/10413\/revisions\/13152"}],"wp:attachment":[{"href":"https:\/\/microsites.iddink.es\/ca\/wp-json\/wp\/v2\/media?parent=10413"}],"curies":[{"name":"wp","href":"https:\/\/api.w.org\/{rel}","templated":true}]}}