
{"id":10408,"date":"2020-05-25T07:47:20","date_gmt":"2020-05-25T07:47:20","guid":{"rendered":"http:\/\/microsites.iddink.es\/?page_id=10408"},"modified":"2020-06-05T11:13:18","modified_gmt":"2020-06-05T11:13:18","slug":"politica-de-privacitat","status":"publish","type":"page","link":"https:\/\/microsites.iddink.es\/ca\/politica-de-privacitat\/","title":{"rendered":"politica de privacitat"},"content":{"rendered":"[vc_row content_placement=&#8221;middle&#8221;][vc_column][vc_column_text]\n<h2>POL\u00cdTICA DE PRIVACITAT<\/h2>\n[\/vc_column_text][vc_column_text]\n<h4><strong>\u00c0MBIT D&#8217;APLICACI\u00d3<\/strong><\/h4>\n[\/vc_column_text][vc_column_text]\n<p>IDDINK SPAIN, S.L.U. (en endavant, &#8220;IDDINK&#8221;) es compromet a protegir la privacitat dels seus clients i dels usuaris que accedeixin a Les planes web allotjades sota el domini Iddink.es (en endavant \u201cweb\u201d).<\/p>\n<p>Els continguts de la web son titularitat o estan operats, llicenciats i controlats per IDDINK.<\/p>\n<p>La utilitzaci\u00f3 d\u2019aquest lloc web atribueix la condici\u00f3 d\u2019usuari ( en endavant, \u201cl\u2019usuari\u201d). L\u2019usuari pot navegar i utilitzar la Web sense necessitat d\u2019aportat cap dada de car\u00e0cter personal. Les \u00faniques dades personals a les que Iddink tindr\u00e0 acc\u00e9s seran aquells que l\u2019usuari faciliti volunt\u00e0riament a trav\u00e9s dels formularis habilitats a l\u2019efecte, o quan contacti amb IDDINK a trav\u00e9s del correu electr\u00f2nic o qualsevol altre m\u00e8tode previst a la Web. Si es recullen dades personals a trav\u00e9s de Cookies, se l\u2019informar\u00e0 degudament a trav\u00e9s de la Pol\u00edtica de Cookies, aix\u00ed com a trav\u00e9s dels medis que requereix la legislaci\u00f3 vigent.<\/p>\n<p>Aquest document presenta la nostra pol\u00edtica en l\u2019observan\u00e7a i l\u2019\u00fas de les dades personals recollides a trav\u00e9s de la nostra Web o dispositius auxiliars com m\u00f2bils o tablets. Aix\u00ed mateix, la utilitzaci\u00f3 de la Web implica l\u2019acceptaci\u00f3 per l\u2019usuari de les disposicions contingudes en la present Pol\u00edtica de Privacitat i que les seves dades siguin tractades segons estipula la mateixa.<\/p>\n<p>Si us plau tingui en compte que malgrat que puguin existir enlla\u00e7os a la nostra Web a altres webs, aquesta Pol\u00edtica de privacitat s\u2019aplica nom\u00e9s a la Web i no a les webs d\u2019altres companyies o organitzacions a les que la Web estigui redirigida. IDDINK no controla ni aprova el contingut de les webs de tercers ni accepta qualsevol responsabilitat pel contingut a les pol\u00edtiques de privacitat d\u2019aquestes webs.<\/p>\n[\/vc_column_text][vc_column_text]\n<h4><strong>PROTECCI\u00d3 DE DADES PERSONALS<\/strong><\/h4>\n[\/vc_column_text][vc_column_text]\n<p>Dit el que precedeix i en compliment del que estableix en el reglament (UE) 2016\/679 DEL PARLAMENT EUROPEU I DEL CONSELL del 27 d\u2019abril de 2016 relatiu a la protecci\u00f3 de les persones f\u00edsiques en el que respecta al tractament de dades personals i a la lliure circulaci\u00f3 d\u2019aquestes dades, aix\u00ed com en compliment de l\u2019establert en la normativa vigent procedim a donar complida informaci\u00f3 dels extrems que s\u2019indiquen a continuaci\u00f3:<\/p>\n<p><strong>El responsable del tractament<\/strong> de les seves dades personals \u00e9s: IDDINK SPAIN, S.L.U.<br \/>\nB-65090458<br \/>\nAvda. de la Ribera 11 Pol\u00edgono Industrial Pallej\u00e0<br \/>\n08780 \u2013 Pallej\u00e0 (Barcelona)<br \/>\nEmail de contacto del Delegado de Protecci\u00f3n de Datos:<a href=\"mailto:notificaciones@iddink.es\">notificaciones@iddink.es<\/a><br \/>\nTel\u00e9fono: 902 565 411<br \/>\nDades registrals del responsable del tractament: INSCRIPCI\u00d3: Registre Mercantil de BARCELONA, TOM: 41247, SECCI\u00d3: GENERAL, FOLI: 0095, FULL:378517, Inscripci\u00f3 1\u00aa.<\/p>\n[\/vc_column_text][vc_column_text]\n<p><strong>Dades que es tracten, registre d\u2019activitats de tractament i finalitat dels mateixos<\/strong> en el que es refereix al tractament de les dades personals que ens faciliten, o qualsevol altres que s\u2019originin com a conseq\u00fc\u00e8ncia de l\u2019acc\u00e9s a la nostra p\u00e0gina web , informar-los que s\u2019incorporaran al sistema de tractament de dades existent, la titularitat i responsabilitat del qual es IDDINK, consistint de forma expressa el tractament d\u2019aquestes dades personals de forma l\u00edcita, lleial, transparent, adequada, pertinent, limitada, exacta i actualitzada per les seg\u00fcents finalitats:<\/p>\n[\/vc_column_text][vc_column_text]\n<table class=\"egt\">\n<tbody>\n<tr>\n<td>FINALITAT<\/td>\n<td>BASE LEGAL PEL TRACTAMENT DE LES DADES<\/td>\n<\/tr>\n<tr>\n<td>Atendre i resoldre les sol\u00b7licituds de l\u2019usuari a les peticions que pugui fer a trav\u00e9s de la nostra p\u00e0gina web.<\/td>\n<td>Inter\u00e8s leg\u00edtim i, en el caso que la sol\u00b7licitud sigui relativa a l\u2019exercici de drets, la nostra legitimaci\u00f3 ser\u00e0 el compliment d\u2019una obligaci\u00f3 legal.<\/td>\n<\/tr>\n<tr>\n<td>Remetre-li informaci\u00f3 mitjan\u00e7ant comunicacions comercials electr\u00f2niques en la mesura que l\u2019usuari consenti a l\u2019acceptar el checkbox Corresponent durant el proc\u00e9s de compra.<\/td>\n<td>La base de legitimaci\u00f3 es el consentiment expr\u00e9s en el moment que accepti rebre informaci\u00f3 per mitj\u00e0 del correu electr\u00f2nic al<br \/>\nmarcar el checkbox.<\/td>\n<\/tr>\n<tr>\n<td>Gestionar les comandes que l\u2019Usuari pugui realitzar al haver-se registrat.<\/td>\n<td>La base legal es l\u2019execuci\u00f3 d\u2019un contracte i el consentiment expr\u00e9s.<\/td>\n<\/tr>\n<tr>\n<td>Tractament de dades per a fins estad\u00edstics, per millorar la qualitat dels serveis oferts.<\/td>\n<td>La base de legitimaci\u00f3 es l\u2019inter\u00e8s leg\u00edtim, ja que mitjan\u00e7ant aquestes estad\u00edstiques podem millorar el lloc web oferint una qualitat superior.<\/td>\n<\/tr>\n<\/tbody>\n<\/table>\n[\/vc_column_text][vc_column_text]\n<p>Aix\u00ed, en cas de que l\u2019usuari doni el seu consentiment expr\u00e9s mitjan\u00e7ant l\u2019acceptaci\u00f3 del checkbox, podr\u00e0 rebre publicitats i novetats comercials d\u2019IDDINK sobre els productes que aquest comercialitza a trav\u00e9s de medis electr\u00f2nics.<\/p>\n<p>No obstant aix\u00f2, l\u2019usuari podr\u00e0, en tot moment, revocar el consentiment prestat per l\u2019enviament de publicitat a trav\u00e9s dels mitjans electr\u00f2nics facilitats, dirigint-se a la direcci\u00f3 de correu electr\u00f2nic notificaciones@iddink.es, al correu postal de la direcci\u00f3 indicada anteriorment del Responsable del Tractament, o seguint les instruccions que continguin les comunicacions telem\u00e0tiques.<\/p>\n<p>Per poder procedir a la realitzaci\u00f3 de comandes i a la distribuci\u00f3 dels llibres corresponent, es necessari que es facilitin algunes dades de l\u2019alumne menor d\u2019edat. Aquestes dades sempre seran proporcionades pels pares, mares o tutors dels menors i per aix\u00f2 sempre mediar\u00e0 el consentiment pel tractament d\u2019aquests.<\/p>\n<p>A aquests efectes es faciliten les seg\u00fcents dades de l\u2019alumne al formulari per registrar-se per primer cop: Nom, Cognoms, Data de naixement, Idioma, Direcci\u00f3 i correu electr\u00f2nic. En el mateix formulari s\u2019han de incloure les seg\u00fcents dades dels pares i\/o tutors: Nom i cognoms, DNI, correu electr\u00f2nic i tel\u00e8fon. Tots aquells punts que no estiguin marcats en negreta significa que no s\u00f3n obligatoris.<\/p>\n<p>Al formulari de contacte es faciliten les seg\u00fcents dades: Nom, cognoms, n\u00famero de tel\u00e8fon, correu electr\u00f2nic, tots aquells que faciliti als comentaris.<\/p>\n<p>No prenem decisions automatitzades en base a perfils, a excepci\u00f3 de la personalitzaci\u00f3 de publicitat i la prevenci\u00f3 del frau a internet.<\/p>\n<p>El <strong>termini de conservaci\u00f3 de les dades personals<\/strong> \u00e9s el temps necessari per complir amb les obligacions legals relacionades amb els serveis oferts. En el cas de subscripci\u00f3 als butlletins de novetats i ofertes de serveis el correu electr\u00f2nic es conservar\u00e0 fins que l\u2019<strong>usuari es doni de baixa<\/strong>.<\/p>\n<p><strong>Cessi\u00f3 de dades personals:<\/strong> la informaci\u00f3 relativa als nostres usuaris es molt important per nosaltres, per tant nom\u00e9s cedirem dades per finalitats molt concretes. Aix\u00ed, l\u2019informem que les dades que ens faciliti seran cedides a:<\/p>\n<ul>\n<li>Administracions P\u00fabliques i totes les entitats amb les que sigui necess\u00e0ria la comunicaci\u00f3 amb la finalitat de complir amb el servei que oferim.<\/li>\n<li>AMPA (Associaci\u00f3 de Mares i Pares d\u2019Alumnes).<\/li>\n<li>Centro educatiu on l\u2019alumne es trobi matriculat.<\/li>\n<li>Entitats col\u00b7laboradores necess\u00e0ries per qu\u00e8 IDDINK pugui desenvolupar correctament la seva activitat, com per exemple, empresa de transports o reprografia, entre altres.<\/li>\n<li>En compliment d\u2019una obligaci\u00f3 legal a l\u2019Autoritat corresponent que sol\u00b7liciti dades. Aix\u00f2 inclou que IDDINK pugui divulgar o intercanviar informaci\u00f3 amb societats i\/o organitzacions per la protecci\u00f3 contra el frau i la reducci\u00f3 del risc de cr\u00e8dit.<\/li>\n<\/ul>\n<p><strong>Drets d\u2019usuari:<\/strong> l\u2019usuari en qualsevol moment podr\u00e0 exercir els seus drets d\u2019acc\u00e9s, rectificaci\u00f3, limitaci\u00f3 del tractament, supressi\u00f3, oposici\u00f3 i dret a no ser objecte de decisions individuals automatitzades, dirigint-se amb una sol\u00b7licitud escrita i signada, incloent el seu nom, cognoms i fotoc\u00f2pia del DNI o un altre document acreditatiu v\u00e0lid, a IDDINK SPAIN SLU, a la direcci\u00f3 anteriorment indicada. Aix\u00ed mateix, tamb\u00e9 poden posar-se en contacte amb el delegat de protecci\u00f3 de dades a trav\u00e9s del correu electr\u00f2nic <a href=\"mailto:notificaciones@iddink.es\">notificaciones@iddink.es<\/a>.<\/p>\n<p>L\u2019exercici d\u2019aquests drets es gratu\u00eft, a no ser que es formulin sol\u00b7licituds infundades o excessives, en aquest cas l\u2019usuari assumir\u00e0 el cost de la tramitaci\u00f3 de la sol\u00b7licitud.<\/p>\n<p>Tamb\u00e9 informar-lo de que podr\u00e0 dirigir-se a l\u2019Autoritat de control competent per presentar la reclamaci\u00f3 que consideri oportuna.<\/p>\n<p><strong>Recollida de dades a trav\u00e9s de dispositius com m\u00f2bils o tablets:<\/strong> Quan vost\u00e8 utilitza la p\u00e0gina web d\u2019IDDINK i sol\u00b7licita o consisteix serveis de localitzaci\u00f3, quan correspongui, podrem rebre informaci\u00f3 sobre la seva localitzaci\u00f3 i sobre el seu dispositiu m\u00f2bil o tablet, incloent un identificador \u00fanic del mateix. Podrem utilitzar aquesta informaci\u00f3 per proporcionar-li serveis basats en la seva localitzaci\u00f3, com per exemple, resultats de cerca i altre contingut personalitzat. La majoria dels dispositius m\u00f2bils permeten desactivar aquests serveis de localitzaci\u00f3.<\/p>\n<p><strong>Acc\u00e9s al compte d\u2019IDDINK<\/strong>. Per poder realitzar comandes al lloc Web, en primer lloc ha de ser donat d\u2019alta com a usuari. Per aix\u00f2, haur\u00e0 de registrar-se mitjan\u00e7ant un formulari corresponent on haur\u00e0 d\u2019escollir un usuari i una contrasenya. Amb les esmentades claus podr\u00e0 accedir a l\u2019\u00e0rea de client i realitzar qualsevol comanda.<\/p>\n[\/vc_column_text][vc_column_text]\n<h4><strong>MESURES DE SEGURETAT<\/strong><\/h4>\n[\/vc_column_text][vc_column_text]\n<p>IDDINK informa que ha adoptat les mesures t\u00e8cniques necess\u00e0ries per mantenir el nivell de seguretat requerit en atenci\u00f3 a les dades personals tractades i te, alhora, implantats els mecanisme necessaris per evitar en la mesura de lo possible els accessos no autoritzats, sostraccions, modificacions il\u00b7l\u00edcites i p\u00e8rdua de dades.<\/p>\n<p>Comptem amb sistemes de seguretat f\u00edsics, electr\u00f2nics i procediments en relaci\u00f3 amb la recollida, emmagatzematge i divulgaci\u00f3 d\u2019informaci\u00f3 personal de l\u2019usuari.<\/p>\n[\/vc_column_text][vc_column_text]\n<h4><strong>CONFIDENCIALITAT<\/strong><\/h4>\n[\/vc_column_text][vc_column_text]En compliment amb la normativa vigent, IDDINK es compromet al compliment de la seva obligaci\u00f3 de secret de les dades amb car\u00e0cter personal que l\u2019usuari ens faciliti durant la seva navegaci\u00f3 per la present p\u00e0gina Web i del seu deure de guardar-les de manera confidencial.[\/vc_column_text][vc_column_text]\n<h4><strong>DRETS DE PROPIETAT INTELECTUAL I\/O INDUSTRIAL<\/strong><\/h4>\n[\/vc_column_text][vc_column_text]\n<p>Tots els continguts de la Web estan protegits per drets de propietat intel\u00b7lectual. Amb car\u00e0cter enunciatiu, que no limitatiu, el disseny gr\u00e0fic, codi font, logos, textos, gr\u00e0fics, il\u00b7lustracions, fotografies, codi de llenguatge, software i resta d\u2019elements que apareixen al Web. Per aix\u00f2, l\u2019usuari reconeix que la reproducci\u00f3, distribuci\u00f3, comercialitzaci\u00f3, transformaci\u00f3 i, en general, qualsevol altre forma d\u2019explotaci\u00f3, per qualsevol procediment, de tot o part dels continguts d\u2019aquest Web constitueix una infracci\u00f3 dels drets de propietat intel\u00b7lectual i\/o industrial d\u2019IDDINK o del titular dels mateixos.<\/p>\n<p>Les marques o s\u00edmbols distintius de qualsevol classe continguts al web estan alhora protegits per la llei.<\/p>\n<p>Sota cap concepte podr\u00e0 l\u2019usuari modificar o utilitzar l\u2019esmentada propietat intel\u00b7lectual o industrial de manera que la seva divulgaci\u00f3 suposi un perjudici per IDDINK, i en aquets cas reclamar\u00e0 pels danys i perjudicis derivats de l\u2019\u00fas indegut per part de tercers de la seva propietat intel\u00b7lectual i industrial.<\/p>\n<p>IDDINK no concedeix cap llic\u00e8ncia o autoritzaci\u00f3 d\u2019\u00fas de cap classe sobre els seu drets de propietat industrial i\/o intel\u00b7lectual o sobre qualsevol altra propietat o dret relacionat amb el Web, serveis o continguts.[\/vc_column_text][vc_column_text]\n<h4><strong>INFORMACI\u00d3 AUTOM\u00c1TICA<\/strong><\/h4>\n[\/vc_column_text][vc_column_text]\n<p>Aquests son alguns exemples de la informaci\u00f3 que recollim i analitzem: la direcci\u00f3 IP d\u2019internet que utilitza per connectar-se a Internet amb el seu ordinador, informaci\u00f3 sobre el seu ordinador i la seva connexi\u00f3 a internet i sobre la versi\u00f3 i tipus del seu navegador; la configuraci\u00f3 de la seva zona hor\u00e0ria, els tipus i versions de la connexi\u00f3 del seu navegador, el sistema operatiu i la plataforma que utilitza, l\u2019historial de visites\u201d de p\u00e0gines web (URL) des de, a trav\u00e9s i cap a la nostra p\u00e0gina web ( incloent data i hora), n\u00famero de galetes, tot n\u00famero de tel\u00e8fon que hagi fet servir per a trucar al nostre servei d\u2019atenci\u00f3 al client. Tamb\u00e9 podrem utilitzar dades el navegador tals com galetes, objectes locals compartits, o dades similar en certs llocs del nostre web per prevenir el frau, entre altres prop\u00f2sits.<\/p>\n<p>En les seves visites al lloc web, podem utilitzar eines de software per mesurar i recollir la informaci\u00f3 de la sessi\u00f3, incloent els temps de resposta de la p\u00e0gina, errors de desc\u00e0rrega, duraci\u00f3 de les visites a determinades p\u00e0gines, informaci\u00f3 sobre la interacci\u00f3 amb la p\u00e0gina (clics de ratol\u00ed, despla\u00e7ament per la p\u00e0gina o n\u00famero de vegades que despla\u00e7a el ratol\u00ed per sobre de determinats \u00edtems) i maneres de sortir de la p\u00e0gina web. Alhora, podrem tamb\u00e9 recopilar<br \/>\ninformaci\u00f3 t\u00e8cnica que ens ajudi a identificar el seu dispositiu amb finalitat d\u2019an\u00e0lisi diagn\u00f2stic i prevenci\u00f3 del frau.<br \/>\n[\/vc_column_text][vc_column_text]\n<h4><strong>AVISOS I REVISIONS<\/strong><\/h4>\n[\/vc_column_text][vc_column_text]Si te qualsevol dubte en relaci\u00f3 amb la privacitat d\u2019IDDINK, li preguem ens envi\u00ed un correu electr\u00f2nic especificant la seva consulta i nosaltres tractarem de resoldre-la.<br \/>\nIDDINK podr\u00e0 modificar i actualitzar aquesta Pol\u00edtica de Privacitat en qualsevol moment sense preav\u00eds. Siusplau, comprovi sempre que est\u00e0 al tant de la nostre Pol\u00edtica de Privacitat, Pol\u00edtica de Cookies i els termes i condicions d\u2019\u00fas per estar informat en tot moment del contingut que es recopila a trav\u00e9s de la<br \/>\nWeb, com les utilitzem i les circumst\u00e0ncies sota les quals podrien revelar-se a tercers. L\u2019usuari queda obligat, autom\u00e0ticament per les condicions d\u2019\u00fas que es trobin vigents en el moment en que accedeixi a Web, pel qual haur\u00e0 de llegir peri\u00f2dicament el present document.[\/vc_column_text][vc_column_text]\n<h4><strong>TRACTAMENT DE LES COOKIES<\/strong><\/h4>\n[\/vc_column_text][vc_column_text]Una Cookie o galeta \u00e9s un fitxer que es descarrega al seu ordinador a l\u2019accedir a determinades p\u00e0gines web. Les cookies permeten a una p\u00e0gina web, entre d\u2019altres coses, emmagatzemar i recuperar informaci\u00f3 sobre els h\u00e0bits de navegaci\u00f3 d\u2019un usuari o del seu equip i, depenent de la informaci\u00f3 que contingui i de la forma amb que utilitzi el seu equip, pot utilitzar-se per recon\u00e8ixer l\u2019usuari.<br \/>\nLes cookies s\u00f3n essencials pel funcionament d\u2019internet, aportant innumerables avantatges a la prestaci\u00f3 de serveis interactius, facilitant-li la navegaci\u00f3 i la usabilitat de la nostra web.<br \/>\nLa informaci\u00f3 que li proporcionem a continuaci\u00f3, l\u2019ajudar\u00e0 a comprendre els diferents tipus de cookies:[\/vc_column_text][vc_column_text]\n<table class=\"egt\">\n<tbody>\n<tr>\n<th colspan=\"3\">TIPUS DE COOKIES<\/th>\n<\/tr>\n<tr>\n<td rowspan=\"2\">SEGONS LA ENTITAT QUE LES GESTIONI<\/td>\n<td>Cookies pr\u00f2pies<\/td>\n<td>S\u00f3n aquelles que es recullen pel propi editor per prestar el servei sol\u00b7licitat per l\u2019usuari.<\/td>\n<\/tr>\n<tr>\n<td>Cookies de tercers<\/td>\n<td>S\u00f3n aquelles que es recullen i es gestionen per un tercer, aquestes no es poden considerar pr\u00f2pies.<\/td>\n<\/tr>\n<tr>\n<td rowspan=\"2\">SEGONS EL TERMINI DE TEMPS QUE ROMANGUIN ACTIVES<\/td>\n<td>Cookies de sessi\u00f3<\/td>\n<td>Recullen dades mentre l\u2019usuari navega per la xarxa amb la finalitat de prestar el servei sol\u00b7licitat.<\/td>\n<\/tr>\n<tr>\n<td>Cookies persistents<\/td>\n<td>S\u2019emmagatzemen al terminal i la informaci\u00f3 obtinguda, \u00e9s utilitzada pel responsable de la cookie amb la finalitat de prestar el servei sol\u00b7licitat.<\/td>\n<\/tr>\n<tr>\n<td rowspan=\"5\">SEGONS LA SEVA FINALITAT<\/td>\n<td>Cookies t\u00e8cniques<\/td>\n<td>S\u00f3n les necess\u00e0ries per la correcta navegaci\u00f3 per la web.<\/td>\n<\/tr>\n<tr>\n<td>Cookies de personalitzaci\u00f3<\/td>\n<td>Permeten a l\u2019usuari les caracter\u00edstiques (idioma) per la navegaci\u00f3 al lloc web.<\/td>\n<\/tr>\n<tr>\n<td>Cookies d\u2019an\u00e0lisi<\/td>\n<td>Permeten al prestador l\u2019an\u00e0lisi vinculat a la navegaci\u00f3 realitzada per l\u2019usuari, amb la finalitat de fer un seguiment d\u2019us de la p\u00e0gina web, aix\u00ed com realitzar estad\u00edstiques dels continguts m\u00e9s visitats, n\u00famero de visitants, etc.<\/td>\n<\/tr>\n<tr>\n<td>Cookies publicit\u00e0ries<\/td>\n<td>Permeten a l\u2019editor incloure a la web, espais publicitaris, segons el contingut de la pr\u00f2pia web.<\/td>\n<\/tr>\n<tr>\n<td>Cookies de publicitat comportamental<\/td>\n<td>Permeten a l\u2019editor incloure a la p\u00e0gina web espais publicitaris segons la informaci\u00f3 obtinguda a trav\u00e9s dels h\u00e0bits de navegaci\u00f3 de l\u2019usuari.<\/td>\n<\/tr>\n<\/tbody>\n<\/table>\n[\/vc_column_text][vc_column_text]Segons l\u2019article 22.2 de la Llei 34\/2002, de 11 de juliol, de Serveis de la Societat de la Informaci\u00f3 i de Comer\u00e7 Electr\u00f2nic (LSSI-CE), IDDINK SPAIN SLU informa de les cookies utilitzades a la nostra web:[\/vc_column_text][vc_column_text]\n<table class=\"egt\">\n<tbody>\n<tr>\n<th colspan=\"3\">TIPUS DE COOKIES<\/th>\n<\/tr>\n<tr>\n<td>FINALITAT<\/td>\n<td>Cookies pr\u00f2pies<\/td>\n<td>Cookies de tercers<\/td>\n<\/tr>\n<tr>\n<td>Cookies t\u00e8cniques<\/td>\n<td><strong>\u00b7<\/strong><\/td>\n<td><strong>&#8211;<\/strong><\/td>\n<\/tr>\n<tr>\n<td>Cookies de personalitzaci\u00f3<\/td>\n<td><strong>\u00b7<\/strong><\/td>\n<td><strong>&#8211;<\/strong><\/td>\n<\/tr>\n<tr>\n<td>Cookies de an\u00e0lisis<\/td>\n<td><strong>&#8211;<\/strong><\/td>\n<td><strong>\u00b7<\/strong><\/td>\n<\/tr>\n<tr>\n<td>Cookies publicit\u00e0ries<\/td>\n<td><strong>&#8211;<\/strong><\/td>\n<td><strong>&#8211;<\/strong><\/td>\n<\/tr>\n<tr>\n<td>Cookies de publicitat comportamental<\/td>\n<td><strong>&#8211;<\/strong><\/td>\n<td><strong>&#8211;<\/strong><\/td>\n<\/tr>\n<\/tbody>\n<\/table>\n[\/vc_column_text][\/vc_column][\/vc_row]\n","protected":false},"excerpt":{"rendered":"<p>[vc_row content_placement=&#8221;middle&#8221;][vc_column][vc_column_text] POL\u00cdTICA DE PRIVACITAT [\/vc_column_text][vc_column_text] \u00c0MBIT D&#8217;APLICACI\u00d3 [\/vc_column_text][vc_column_text] IDDINK SPAIN, S.L.U. (en endavant, &#8220;IDDINK&#8221;) es compromet a protegir la privacitat dels seus clients i dels usuaris que accedeixin a Les planes web allotjades sota el domini Iddink.es (en endavant \u201cweb\u201d). Els continguts de la web son<\/p>\n","protected":false},"author":1,"featured_media":0,"parent":0,"menu_order":0,"comment_status":"closed","ping_status":"closed","template":"page-FullWidth.php","meta":[],"acf":[],"_links":{"self":[{"href":"https:\/\/microsites.iddink.es\/ca\/wp-json\/wp\/v2\/pages\/10408"}],"collection":[{"href":"https:\/\/microsites.iddink.es\/ca\/wp-json\/wp\/v2\/pages"}],"about":[{"href":"https:\/\/microsites.iddink.es\/ca\/wp-json\/wp\/v2\/types\/page"}],"author":[{"embeddable":true,"href":"https:\/\/microsites.iddink.es\/ca\/wp-json\/wp\/v2\/users\/1"}],"replies":[{"embeddable":true,"href":"https:\/\/microsites.iddink.es\/ca\/wp-json\/wp\/v2\/comments?post=10408"}],"version-history":[{"count":17,"href":"https:\/\/microsites.iddink.es\/ca\/wp-json\/wp\/v2\/pages\/10408\/revisions"}],"predecessor-version":[{"id":14610,"href":"https:\/\/microsites.iddink.es\/ca\/wp-json\/wp\/v2\/pages\/10408\/revisions\/14610"}],"wp:attachment":[{"href":"https:\/\/microsites.iddink.es\/ca\/wp-json\/wp\/v2\/media?parent=10408"}],"curies":[{"name":"wp","href":"https:\/\/api.w.org\/{rel}","templated":true}]}}